{"id":7127,"date":"2025-06-19T15:40:54","date_gmt":"2025-06-19T14:40:54","guid":{"rendered":"https:\/\/www.laroutedusel.com\/camping-les-rouches-saint-urbain\/"},"modified":"2026-01-06T12:06:41","modified_gmt":"2026-01-06T11:06:41","slug":"camping-les-rouches-saint-urbain","status":"publish","type":"page","link":"https:\/\/www.laroutedusel.com\/en\/camping-les-rouches-saint-urbain\/","title":{"rendered":"CAMPING LES ROUCHES &#8211; Saint Urbain"},"content":{"rendered":"<p>[et_pb_section fb_built=&#8221;1&#8243; fullwidth=&#8221;on&#8221; admin_label=&#8221;Hero Section&#8221; _builder_version=&#8221;4.16&#8243; background_color=&#8221;#233b4e&#8221; parallax=&#8221;on&#8221; custom_padding=&#8221;0px|0px|0px|0px&#8221; locked=&#8221;off&#8221; global_colors_info=&#8221;{}&#8221;][et_pb_fullwidth_header title=&#8221;Les Rouches municipal campsite&#8221; background_overlay_color=&#8221;rgba(29,38,51,0.86)&#8221; admin_label=&#8221;Hero&#8221; _builder_version=&#8221;4.27.4&#8243; title_font=&#8221;|800||on|||||&#8221; title_font_size=&#8221;60px&#8221; title_line_height=&#8221;1.3em&#8221; content_font=&#8221;||||||||&#8221; content_font_size=&#8221;20px&#8221; background_color=&#8221;rgba(255, 255, 255, 0)&#8221; background_image=&#8221;https:\/\/www.laroutedusel.com\/wp-content\/uploads\/2025\/02\/camping-les-rouches-accueil-vendee-velodyssee.jpg&#8221; parallax=&#8221;on&#8221; parallax_method=&#8221;on&#8221; button_one_icon=&#8221;&#x24;||divi||400&#8243; button_one_icon_color=&#8221;#ffffff&#8221; custom_padding=&#8221;200px||200px||true|false&#8221; animation_style=&#8221;zoom&#8221; animation_direction=&#8221;bottom&#8221; animation_intensity_zoom=&#8221;4%&#8221; button_one_text_color_hover=&#8221;#ffffff&#8221; button_one_border_color_hover=&#8221;#ffffff&#8221; button_one_border_radius_hover=&#8221;0px&#8221; button_one_letter_spacing_hover=&#8221;4px&#8221; button_one_bg_color_hover=&#8221;rgba(0,0,0,0)&#8221; global_colors_info=&#8221;{}&#8221; button_one_text_size__hover_enabled=&#8221;off&#8221; button_two_text_size__hover_enabled=&#8221;off&#8221; button_one_text_color__hover_enabled=&#8221;on&#8221; button_one_text_color__hover=&#8221;#ffffff&#8221; button_two_text_color__hover_enabled=&#8221;off&#8221; button_one_border_width__hover_enabled=&#8221;off&#8221; button_two_border_width__hover_enabled=&#8221;off&#8221; button_one_border_color__hover_enabled=&#8221;on&#8221; button_one_border_color__hover=&#8221;#ffffff&#8221; button_two_border_color__hover_enabled=&#8221;off&#8221; button_one_border_radius__hover_enabled=&#8221;on&#8221; button_one_border_radius__hover=&#8221;0px&#8221; button_two_border_radius__hover_enabled=&#8221;off&#8221; button_one_letter_spacing__hover_enabled=&#8221;on&#8221; button_one_letter_spacing__hover=&#8221;4px&#8221; button_two_letter_spacing__hover_enabled=&#8221;off&#8221; button_one_bg_color__hover_enabled=&#8221;on&#8221; button_one_bg_color__hover=&#8221;rgba(0,0,0,0)&#8221; button_two_bg_color__hover_enabled=&#8221;off&#8221;]<\/p>\n<h3>Enjoy the restful calm of the marsh&#8230;<\/h3>\n<p>[\/et_pb_fullwidth_header][\/et_pb_section][et_pb_section fb_built=&#8221;1&#8243; _builder_version=&#8221;4.27.4&#8243; _module_preset=&#8221;default&#8221; custom_padding=&#8221;9px||12px|||&#8221; locked=&#8221;off&#8221; global_colors_info=&#8221;{}&#8221;][et_pb_row _builder_version=&#8221;4.27.4&#8243; _module_preset=&#8221;default&#8221; custom_padding=&#8221;10px||0px|||&#8221; global_colors_info=&#8221;{}&#8221;][et_pb_column type=&#8221;4_4&#8243; _builder_version=&#8221;4.27.4&#8243; _module_preset=&#8221;default&#8221; global_colors_info=&#8221;{}&#8221;][et_pb_code _builder_version=&#8221;4.27.4&#8243; _module_preset=&#8221;default&#8221; global_colors_info=&#8221;{}&#8221;]<span><span><a href=\"https:\/\/www.laroutedusel.com\/en\/home\/\">La Route du Sel<\/a><\/span><\/span>[\/et_pb_code][\/et_pb_column][\/et_pb_row][\/et_pb_section][et_pb_section fb_built=&#8221;1&#8243; _builder_version=&#8221;4.16&#8243; custom_padding=&#8221;11px|||||&#8221; global_colors_info=&#8221;{}&#8221;][et_pb_row _builder_version=&#8221;4.16&#8243; background_size=&#8221;initial&#8221; background_position=&#8221;top_left&#8221; background_repeat=&#8221;repeat&#8221; global_colors_info=&#8221;{}&#8221;][et_pb_column type=&#8221;4_4&#8243; _builder_version=&#8221;4.16&#8243; custom_padding=&#8221;|||&#8221; global_colors_info=&#8221;{}&#8221; custom_padding__hover=&#8221;|||&#8221;][et_pb_text _builder_version=&#8221;4.27.4&#8243; header_text_align=&#8221;center&#8221; background_color=&#8221;#ffffff&#8221; min_height=&#8221;397.8px&#8221; custom_margin=&#8221;||||false|false&#8221; custom_margin_tablet=&#8221;-190px|60px||60px&#8221; custom_margin_phone=&#8221;-150px|10px||10px&#8221; custom_margin_last_edited=&#8221;on|tablet&#8221; custom_padding=&#8221;20px|40px|30px|40px&#8221; filter_opacity=&#8221;90%&#8221; animation_style=&#8221;slide&#8221; animation_direction=&#8221;bottom&#8221; animation_duration=&#8221;800ms&#8221; animation_delay=&#8221;150ms&#8221; animation_intensity_slide=&#8221;15%&#8221; global_colors_info=&#8221;{}&#8221;]<\/p>\n<h3 style=\"text-align: center;\"><em>1-star campsite<\/em><\/h3>\n<p><span style=\"color: #e02b20;\"> <\/span><\/p>\n<p style=\"text-align: left;\">Located in Saint-Urbain<strong>15 minutes<\/strong> beaches, the Monts forest and the famous Passage du Gois, Les Rouches campsite offers you the tranquillity of the hinterland in a peaceful, green setting.<\/p>\n<ul>\n<li>The campsite offers 24 pitches for <strong>tentes, caravanes et camping-cars et une Hello Cabane.<\/strong><\/li>\n<li><strong>Balades v\u00e9lo et cano\u00eb au d\u00e9part du camping <\/strong> (upon reservation)<\/li>\n<li><strong>Location de v\u00e9los <\/strong> (standards, children)<\/li>\n<\/ul>\n<p style=\"text-align: center;\"><span style=\"font-size: 18pt;\">Informations suppl\u00e9mentaires sur le site internet du camping : <\/span><a href=\"http:\/\/www.campinglesrouches.fr\" target=\"_blank\" rel=\"noopener\"><span style=\"font-size: 18pt;\">www.campinglesrouches.fr<\/span><\/a><\/p>\n<p>&nbsp;<\/p>\n<p>[\/et_pb_text][\/et_pb_column][\/et_pb_row][\/et_pb_section][et_pb_section fb_built=&#8221;1&#8243; _builder_version=&#8221;4.16&#8243; background_color=&#8221;#a7c427&#8243; background_color_gradient_direction=&#8221;191deg&#8221; custom_margin=&#8221;|||&#8221; custom_padding=&#8221;150px||150px||false|false&#8221; top_divider_style=&#8221;arrow2&#8243; top_divider_color=&#8221;#ffffff&#8221; top_divider_height=&#8221;150px&#8221; top_divider_flip=&#8221;vertical&#8221; bottom_divider_style=&#8221;arrow2&#8243; bottom_divider_color=&#8221;#729ec1&#8243; bottom_divider_height=&#8221;150px&#8221; bottom_divider_arrangement=&#8221;above_content&#8221; global_colors_info=&#8221;{}&#8221;][et_pb_row column_structure=&#8221;1_3,1_3,1_3&#8243; _builder_version=&#8221;4.16&#8243; custom_margin=&#8221;|||&#8221; animation_style=&#8221;slide&#8221; animation_direction=&#8221;bottom&#8221; animation_duration=&#8221;800ms&#8221; animation_intensity_slide=&#8221;15%&#8221; locked=&#8221;off&#8221; global_colors_info=&#8221;{}&#8221;][et_pb_column type=&#8221;1_3&#8243; _builder_version=&#8221;4.16&#8243; custom_padding=&#8221;|||&#8221; global_colors_info=&#8221;{}&#8221; custom_padding__hover=&#8221;|||&#8221;][\/et_pb_column][et_pb_column type=&#8221;1_3&#8243; _builder_version=&#8221;4.16&#8243; custom_padding=&#8221;|||&#8221; global_colors_info=&#8221;{}&#8221; custom_padding__hover=&#8221;|||&#8221;][et_pb_text admin_label=&#8221;Texte&#8221; _builder_version=&#8221;4.16&#8243; text_text_color=&#8221;#ffffff&#8221; header_text_color=&#8221;#ffffff&#8221; global_colors_info=&#8221;{}&#8221;]<\/p>\n<h1 style=\"text-align: center;\"><span style=\"color: #ffffff;\"><strong>A PROXIMITE<\/strong><\/span><\/h1>\n<ul>\n<li style=\"text-align: justify;\">Multi-service business 300 m away: BRANTHOME bakery, grocery store, bar, tobacco shop.<\/li>\n<li style=\"text-align: justify;\"><strong>Base de loisirs<\/strong> (children&#8217;s playground, bowling green).<\/li>\n<li style=\"text-align: justify;\">Itin\u00e9raires cyclables \u00ab <strong> La V\u00e9lodyss\u00e9e<\/strong> &gt;&gt;1km away.<\/li>\n<li style=\"text-align: justify;\">Hiking trails.<\/li>\n<\/ul>\n<h1 style=\"text-align: center;\"><strong>Services<\/strong><\/h1>\n<ul>\n<li style=\"text-align: justify;\">Free WIFI on site.<\/li>\n<li style=\"text-align: justify;\">Playground nearby.<\/li>\n<li style=\"text-align: justify;\"><strong>Drainage area for camping-cars on-site residents.<\/strong><\/li>\n<\/ul>\n<h1 style=\"text-align: center;\"><strong> <\/strong><\/h1>\n<p>&nbsp;<\/p>\n<h1 style=\"text-align: center;\"><strong>Ouest france article<br \/><\/strong><\/h1>\n<p style=\"text-align: center;\"><strong><span style=\"color: rgba(255, 255, 255, 0.8);\">Cliquez <a style=\"color: rgba(255, 255, 255, 0.8);\" href=\"https:\/\/www.ouest-france.fr\/pays-de-la-loire\/saint-urbain-85230\/saint-urbain-la-route-du-sel-gere-le-camping-municipal-6904630\"><span style=\"text-decoration: underline;\">ici<\/span><\/a><\/span>.<\/strong><\/p>\n<p>&nbsp;<\/p>\n<h1 style=\"text-align: center;\"><strong> <\/strong><\/h1>\n<p>[\/et_pb_text][\/et_pb_column][et_pb_column type=&#8221;1_3&#8243; _builder_version=&#8221;4.16&#8243; custom_padding=&#8221;|||&#8221; global_colors_info=&#8221;{}&#8221; custom_padding__hover=&#8221;|||&#8221;][et_pb_map address=&#8221;Rue des Hautes Rouches, 85230 Saint-Urbain, France&#8221; zoom_level=&#8221;16&#8243; address_lat=&#8221;46.874185715560245&#8243; address_lng=&#8221;-2.005874572491453&#8243; _builder_version=&#8221;4.16&#8243; custom_margin=&#8221;|||&#8221; animation_style=&#8221;zoom&#8221; box_shadow_style=&#8221;preset1&#8243; global_colors_info=&#8221;{}&#8221;][et_pb_map_pin pin_address=&#8221;Zone de loisirs, Les Basses Rouches, 85230 Saint-Urbain, France&#8221; zoom_level=&#8221;9&#8243; pin_address_lat=&#8221;46.8741707&#8243; pin_address_lng=&#8221;-2.0061412&#8243; _builder_version=&#8221;3.13.1&#8243; global_colors_info=&#8221;{}&#8221;][\/et_pb_map_pin][\/et_pb_map][et_pb_text _builder_version=&#8221;4.16&#8243; text_text_color=&#8221;#ffffff&#8221; background_layout=&#8221;dark&#8221; global_colors_info=&#8221;{}&#8221;]<\/p>\n<ul>\n<li><strong>ADRESS :<\/strong><\/li>\n<\/ul>\n<p>Rue des Hautes Rouches<\/p>\n<p><strong>85230 SAINT-URBAIN<\/strong><br \/>\n[\/et_pb_text][et_pb_text _builder_version=&#8221;4.16&#8243; global_colors_info=&#8221;{}&#8221;]<\/p>\n<h1 style=\"text-align: center;\"><strong><span style=\"color: #ffffff;\">social networks<\/span><\/strong><\/h1>\n<p>[\/et_pb_text][et_pb_button button_url=&#8221;https:\/\/www.facebook.com\/campinglesrouches\/&#8221; button_text=&#8221;FACEBOOK &#8211; Camping Les Rouches &#8221; button_alignment=&#8221;center&#8221; admin_label=&#8221;Bouton&#8221; _builder_version=&#8221;4.16&#8243; background_layout=&#8221;dark&#8221; box_shadow_style=&#8221;preset1&#8243; global_colors_info=&#8221;{}&#8221; button_text_size__hover_enabled=&#8221;off&#8221; button_one_text_size__hover_enabled=&#8221;off&#8221; button_two_text_size__hover_enabled=&#8221;off&#8221; button_text_color__hover_enabled=&#8221;off&#8221; button_one_text_color__hover_enabled=&#8221;off&#8221; button_two_text_color__hover_enabled=&#8221;off&#8221; button_border_width__hover_enabled=&#8221;off&#8221; button_one_border_width__hover_enabled=&#8221;off&#8221; button_two_border_width__hover_enabled=&#8221;off&#8221; button_border_color__hover_enabled=&#8221;off&#8221; button_one_border_color__hover_enabled=&#8221;off&#8221; button_two_border_color__hover_enabled=&#8221;off&#8221; button_border_radius__hover_enabled=&#8221;off&#8221; button_one_border_radius__hover_enabled=&#8221;off&#8221; button_two_border_radius__hover_enabled=&#8221;off&#8221; button_letter_spacing__hover_enabled=&#8221;off&#8221; button_one_letter_spacing__hover_enabled=&#8221;off&#8221; button_two_letter_spacing__hover_enabled=&#8221;off&#8221; button_bg_color__hover_enabled=&#8221;off&#8221; button_one_bg_color__hover_enabled=&#8221;off&#8221; button_two_bg_color__hover_enabled=&#8221;off&#8221;]&nbsp;<br \/>\n[\/et_pb_button][et_pb_button button_url=&#8221;https:\/\/instagram.com\/campinglesrouches&#8221; button_text=&#8221;INSTAGRAM &#8211; Camping Les Rouches &#8221; button_alignment=&#8221;center&#8221; _builder_version=&#8221;4.16&#8243; background_layout=&#8221;dark&#8221; box_shadow_style=&#8221;preset1&#8243; global_colors_info=&#8221;{}&#8221; button_text_size__hover_enabled=&#8221;off&#8221; button_one_text_size__hover_enabled=&#8221;off&#8221; button_two_text_size__hover_enabled=&#8221;off&#8221; button_text_color__hover_enabled=&#8221;off&#8221; button_one_text_color__hover_enabled=&#8221;off&#8221; button_two_text_color__hover_enabled=&#8221;off&#8221; button_border_width__hover_enabled=&#8221;off&#8221; button_one_border_width__hover_enabled=&#8221;off&#8221; button_two_border_width__hover_enabled=&#8221;off&#8221; button_border_color__hover_enabled=&#8221;off&#8221; button_one_border_color__hover_enabled=&#8221;off&#8221; button_two_border_color__hover_enabled=&#8221;off&#8221; button_border_radius__hover_enabled=&#8221;off&#8221; button_one_border_radius__hover_enabled=&#8221;off&#8221; button_two_border_radius__hover_enabled=&#8221;off&#8221; button_letter_spacing__hover_enabled=&#8221;off&#8221; button_one_letter_spacing__hover_enabled=&#8221;off&#8221; button_two_letter_spacing__hover_enabled=&#8221;off&#8221; button_bg_color__hover_enabled=&#8221;off&#8221; button_one_bg_color__hover_enabled=&#8221;off&#8221; button_two_bg_color__hover_enabled=&#8221;off&#8221;]&nbsp;<br \/>\n[\/et_pb_button][\/et_pb_column][\/et_pb_row][\/et_pb_section][et_pb_section fb_built=&#8221;1&#8243; admin_label=&#8221;Section&#8221; _builder_version=&#8221;4.16&#8243; background_color=&#8221;#729ec1&#8243; custom_padding=&#8221;7px|0px|50.5167px|0px|false|false&#8221; locked=&#8221;off&#8221; collapsed=&#8221;off&#8221; global_colors_info=&#8221;{}&#8221;][et_pb_row _builder_version=&#8221;4.16&#8243; global_colors_info=&#8221;{}&#8221;][et_pb_column type=&#8221;4_4&#8243; _builder_version=&#8221;4.16&#8243; custom_padding=&#8221;|||&#8221; global_colors_info=&#8221;{}&#8221; custom_padding__hover=&#8221;|||&#8221;][et_pb_text ul_position=&#8221;inside&#8221; admin_label=&#8221;Texte&#8221; _builder_version=&#8221;4.27.4&#8243; text_text_color=&#8221;#ffffff&#8221; header_text_align=&#8221;center&#8221; text_orientation=&#8221;center&#8221; background_layout=&#8221;dark&#8221; global_colors_info=&#8221;{}&#8221;]<\/p>\n<h1 class=\"entry-title\"><span style=\"color: #000000;\">BIKE HOME<\/span><\/h1>\n<p>Giving special attention to cycling tourists, the campsite has been awarded the <strong>Accueil V\u00e9lo<\/strong> to guarantee <strong>des services adapt\u00e9s \u00e0 vos besoins :<\/strong><\/p>\n<ul>\n<li>A personalized, attentive welcome<\/li>\n<li>Advice on nearby cycling routes and paths<\/li>\n<li>Information tailored to your itinerary<\/li>\n<\/ul>\n<p>&nbsp;<\/p>\n<ul>\n<li>A refill <strong>gratuit<\/strong> your electric bicycle, your cell phone, or any other device<\/li>\n<li>Loan of bike locks to secure your bikes to your pitch<\/li>\n<li>Free repair kit (puncture repair kit, set of standard wrenches, lubricant, foot pump)<\/li>\n<\/ul>\n<p>&nbsp;<\/p>\n<ul>\n<li>Water and toilet facilities available<\/li>\n<li>A sheltered, convivial common area with picnic tables<\/li>\n<li>3-person Igloo tent rental (fee payable)<\/li>\n<li>Free use of a stove and pots and pans<\/li>\n<li>The installation of a shelter on your site in case of bad weather<\/li>\n<li>The possibility of leaving your car in a dead garage (paying service)<\/li>\n<\/ul>\n<p>[\/et_pb_text][\/et_pb_column][\/et_pb_row][\/et_pb_section][et_pb_section fb_built=&#8221;1&#8243; _builder_version=&#8221;4.16&#8243; background_color=&#8221;#729ec1&#8243; custom_padding=&#8221;7px|0px|50.5167px|0px|false|false&#8221; locked=&#8221;off&#8221; collapsed=&#8221;off&#8221; global_colors_info=&#8221;{}&#8221;][et_pb_row _builder_version=&#8221;4.16&#8243; global_colors_info=&#8221;{}&#8221;][et_pb_column type=&#8221;4_4&#8243; _builder_version=&#8221;4.16&#8243; custom_padding=&#8221;|||&#8221; global_colors_info=&#8221;{}&#8221; custom_padding__hover=&#8221;|||&#8221;][et_pb_text ul_position=&#8221;inside&#8221; _builder_version=&#8221;4.27.4&#8243; text_text_color=&#8221;#ffffff&#8221; header_text_align=&#8221;center&#8221; text_orientation=&#8221;center&#8221; background_layout=&#8221;dark&#8221; global_colors_info=&#8221;{}&#8221;]<\/p>\n<h1><span style=\"color: rgba(0, 0, 0, 0.73);\">Dog-friendly information<\/span><\/h1>\n<p>&nbsp;<\/p>\n<p>Dogs are welcome at the campsite provided they are <span style=\"text-decoration: underline;\"><strong>tatou\u00e9s et vaccin\u00e9s antirabique<\/strong><\/span> for less than a year.<\/p>\n<p><strong>Before bringing your pet to the campsite, you must :<\/strong><\/p>\n<ul>\n<li>Present a valid rabies certificate duly completed.<\/li>\n<li>Show the dog&#8217;s booklet with tattoo or microchip number.<\/li>\n<li>Wear a collar bearing the owner&#8217;s name, address and telephone number.<\/li>\n<\/ul>\n<p>Free movement of dogs outside the site is strictly forbidden.<\/p>\n<p>[\/et_pb_text][\/et_pb_column][\/et_pb_row][et_pb_row _builder_version=&#8221;4.16&#8243; collapsed=&#8221;on&#8221; global_colors_info=&#8221;{}&#8221;][et_pb_column type=&#8221;4_4&#8243; _builder_version=&#8221;4.16&#8243; custom_padding=&#8221;|||&#8221; global_colors_info=&#8221;{}&#8221; custom_padding__hover=&#8221;|||&#8221;][et_pb_text _builder_version=&#8221;4.16&#8243; global_colors_info=&#8221;{}&#8221;]<\/p>\n<h1 style=\"text-align: center;\">PHOTO GALLERY<\/h1>\n<h2 style=\"text-align: center;\">Camping Municipal les Rouches &#8211; Saint-Urbain<\/h2>\n<p>[\/et_pb_text][et_pb_gallery gallery_ids=&#8221;5693,5728,5723,5718,5713,5708,5703,5698,5768,5773,5778&#8243; fullwidth=&#8221;on&#8221; _builder_version=&#8221;4.16&#8243; title_level=&#8221;h1&#8243; title_text_color=&#8221;#000000&#8243; pagination_font=&#8221;||||||||&#8221; max_width=&#8221;50%&#8221; max_width_tablet=&#8221;70%&#8221; max_width_phone=&#8221;100%&#8221; max_width_last_edited=&#8221;on|phone&#8221; module_alignment=&#8221;center&#8221; custom_margin=&#8221;|||&#8221; custom_margin_tablet=&#8221;&#8221; custom_margin_phone=&#8221;|0px||&#8221; custom_margin_last_edited=&#8221;on|phone&#8221; animation_style=&#8221;slide&#8221; animation_direction=&#8221;bottom&#8221; box_shadow_style=&#8221;preset1&#8243; global_colors_info=&#8221;{}&#8221;]&nbsp;<br \/>\n[\/et_pb_gallery][\/et_pb_column][\/et_pb_row][\/et_pb_section]<\/p>\n","protected":false},"excerpt":{"rendered":"<p>Enjoy the restful calm of the marsh&#8230;<span><span><a href=\"https:\/\/www.laroutedusel.com\/en\/home\/\">La Route du Sel<\/a><\/span><\/span>1-star campsite Located in Saint-Urbain15 minutes beaches, the Monts forest and the famous Passage du Gois, Les Rouches campsite offers you the tranquillity of the hinterland in a peaceful, green setting. The campsite offers 24 pitches for tentes, caravanes et camping-cars et une Hello Cabane. Balades v\u00e9lo et cano\u00eb [&hellip;]<\/p>\n","protected":false},"author":2,"featured_media":0,"parent":0,"menu_order":6,"comment_status":"closed","ping_status":"closed","template":"","meta":{"_acf_changed":false,"_et_pb_use_builder":"on","_et_pb_old_content":"","_et_gb_content_width":"","inline_featured_image":false,"footnotes":""},"class_list":["post-7127","page","type-page","status-publish","hentry"],"acf":[],"_links":{"self":[{"href":"https:\/\/www.laroutedusel.com\/en\/wp-json\/wp\/v2\/pages\/7127","targetHints":{"allow":["GET"]}}],"collection":[{"href":"https:\/\/www.laroutedusel.com\/en\/wp-json\/wp\/v2\/pages"}],"about":[{"href":"https:\/\/www.laroutedusel.com\/en\/wp-json\/wp\/v2\/types\/page"}],"author":[{"embeddable":true,"href":"https:\/\/www.laroutedusel.com\/en\/wp-json\/wp\/v2\/users\/2"}],"replies":[{"embeddable":true,"href":"https:\/\/www.laroutedusel.com\/en\/wp-json\/wp\/v2\/comments?post=7127"}],"version-history":[{"count":4,"href":"https:\/\/www.laroutedusel.com\/en\/wp-json\/wp\/v2\/pages\/7127\/revisions"}],"predecessor-version":[{"id":7539,"href":"https:\/\/www.laroutedusel.com\/en\/wp-json\/wp\/v2\/pages\/7127\/revisions\/7539"}],"wp:attachment":[{"href":"https:\/\/www.laroutedusel.com\/en\/wp-json\/wp\/v2\/media?parent=7127"}],"curies":[{"name":"wp","href":"https:\/\/api.w.org\/{rel}","templated":true}]}}