{"id":7119,"date":"2025-06-19T14:37:30","date_gmt":"2025-06-19T13:37:30","guid":{"rendered":"https:\/\/www.laroutedusel.com\/home\/"},"modified":"2025-06-19T14:37:31","modified_gmt":"2025-06-19T13:37:31","slug":"home","status":"publish","type":"page","link":"https:\/\/www.laroutedusel.com\/en\/","title":{"rendered":"Home"},"content":{"rendered":"<p>[et_pb_section fb_built=&#8221;1&#8243; fullwidth=&#8221;on&#8221; _builder_version=&#8221;4.27.4&#8243; height=&#8221;100vh&#8221; custom_margin=&#8221;-60px||0px||false|false&#8221; custom_padding=&#8221;0px||0px||false|false&#8221; global_colors_info=&#8221;{}&#8221;][et_pb_fullwidth_header text_orientation=&#8221;right&#8221; header_fullscreen=&#8221;on&#8221; content_tablet=&#8221;<\/p>\n<h1>Hiking<\/h1>\n<h1>&amp; D\u00e9couvertes<\/h1>\n<p><a href=%22http:\/\/www.image-heberg.fr\/files\/1743496777180047627.png%22>April programme<\/a><\/p>\n<p><a href=%22https:\/\/www.laroutedusel.com\/en\/contact-reservation\/?re-product-id=300664%22>New: Canobus Discovery Tour<\/a><\/p>\n<p><a href=%22https:\/\/www.laroutedusel.com\/en\/contact-reservation\/?re-product-id=288033%22>Nature walk with ADEV<\/a><\/p>\n<\/p>\n<\/p>\n<p>&#8221; content_phone=&#8221;<\/p>\n<h1>Hiking<\/h1>\n<h1>&amp; D\u00e9couvertes<\/h1>\n<p><a href=%22http:\/\/www.image-heberg.fr\/files\/1743496777180047627.png%22>April programme<\/a><\/p>\n<p><a href=%22https:\/\/www.laroutedusel.com\/en\/contact-reservation\/?re-product-id=300664%22>New: Canobus Discovery Tour<\/a><\/p>\n<p><a href=%22https:\/\/www.laroutedusel.com\/en\/contact-reservation\/?re-product-id=288033%22>Nature walk with ADEV<\/a><\/p>\n<\/p>\n<\/p>\n<\/p>\n<p>&#8221; content_last_edited=&#8221;on|phone&#8221; admin_label=&#8221;En-t\u00eate plein \u00e9cran&#8221; _builder_version=&#8221;4.27.4&#8243; background_color=&#8221;rgba(196,196,196,0)&#8221; background_image=&#8221;https:\/\/www.laroutedusel.com\/wp-content\/uploads\/2020\/02\/Capture-video-4k-1.png&#8221; parallax=&#8221;on&#8221; background_video_mp4=&#8221;https:\/\/www.laroutedusel.com\/wp-content\/uploads\/2018\/09\/LaRouteDuSel.mp4&#8243; background_video_webm=&#8221;https:\/\/www.laroutedusel.com\/wp-content\/uploads\/2018\/09\/LaRouteDuSel.webm&#8221; background_video_width=&#8221;1920&#8243; background_video_height=&#8221;1080&#8243; allow_player_pause=&#8221;on&#8221; custom_margin=&#8221;60px|||&#8221; custom_padding=&#8221;|||&#8221; global_colors_info=&#8221;{}&#8221; button_one_text_size__hover_enabled=&#8221;off&#8221; button_two_text_size__hover_enabled=&#8221;off&#8221; button_one_text_color__hover_enabled=&#8221;off&#8221; button_two_text_color__hover_enabled=&#8221;off&#8221; button_one_border_width__hover_enabled=&#8221;off&#8221; button_two_border_width__hover_enabled=&#8221;off&#8221; button_one_border_color__hover_enabled=&#8221;off&#8221; button_two_border_color__hover_enabled=&#8221;off&#8221; button_one_border_radius__hover_enabled=&#8221;off&#8221; button_two_border_radius__hover_enabled=&#8221;off&#8221; button_one_letter_spacing__hover_enabled=&#8221;off&#8221; button_two_letter_spacing__hover_enabled=&#8221;off&#8221; button_one_bg_color__hover_enabled=&#8221;off&#8221; button_two_bg_color__hover_enabled=&#8221;off&#8221;]<\/p>\n<h1>Hiking<\/h1>\n<h1>&amp; D\u00e9couvertes<\/h1>\n<p><a href=\"https:\/\/www.facebook.com\/photo\/?fbid=1279273077534322&amp;set=a.514672400661064&amp;__cft__%5B0%5D=AZUkmNEEmyUESMEhYHUONr-NsWT3MvSs5IqSZPZZvqejRircL-j2c9BcFIDfv8LoY8J5mL2r26Dgr7WtRqAHLk8lH3D7srBVbtDqoTQiAUi93OhFQb17Ew50qPmL5PAnAqWWJwxUoYXNek6o_IgB_OLX3Rbdm8C4MasZ6-bg7zbq6nnqQnZWPlK_YSQjOAYyeMF6uhCbB5yJRXHiIJpie6YY&amp;__tn__=EH-R\">May programme <\/a><\/p>\n<p>&nbsp;<\/p>\n<p>[\/et_pb_fullwidth_header][\/et_pb_section][et_pb_section fb_built=&#8221;1&#8243; _builder_version=&#8221;4.16&#8243; _module_preset=&#8221;default&#8221; custom_padding=&#8221;30px|||||&#8221; global_colors_info=&#8221;{}&#8221;][et_pb_row _builder_version=&#8221;4.16&#8243; _module_preset=&#8221;default&#8221; max_width=&#8221;777px&#8221; global_colors_info=&#8221;{}&#8221;][et_pb_column type=&#8221;4_4&#8243; _builder_version=&#8221;4.16&#8243; _module_preset=&#8221;default&#8221; global_colors_info=&#8221;{}&#8221;][et_pb_text _builder_version=&#8221;4.16&#8243; _module_preset=&#8221;default&#8221; header_2_font=&#8221;|800|||||||&#8221; header_2_font_size=&#8221;28px&#8221; header_3_font=&#8221;|800||on|||||&#8221; header_3_text_color=&#8221;#b0b610&#8243; header_3_font_size=&#8221;19px&#8221; text_orientation=&#8221;center&#8221; custom_margin=&#8221;||10px|||&#8221; custom_padding=&#8221;0px||1px|||&#8221; global_colors_info=&#8221;{}&#8221;]<\/p>\n<h2>La Route du Sel<\/h2>\n<p>[\/et_pb_text][et_pb_text _builder_version=&#8221;4.16&#8243; _module_preset=&#8221;default&#8221; header_2_font=&#8221;|800|||||||&#8221; header_2_font_size=&#8221;28px&#8221; header_3_font=&#8221;|800||on|||||&#8221; header_3_text_color=&#8221;#b0b610&#8243; header_3_font_size=&#8221;19px&#8221; text_orientation=&#8221;center&#8221; global_colors_info=&#8221;{}&#8221;]<\/p>\n<p> All year round, La Route du Sel offers guided trips by canoe, bike or on foot to discover the Breton Marshes of the Vend\u00e9e in a gentle and authentic way.<\/p>\n<p data-start=\"1277\" data-end=\"1488\" class=\"\">From Sallertaine, Bois-de-C\u00e9n\u00e9, Saint-Urbain and Machecoul, visitors can explore an area shaped by man and nature: ancient islands, marshes, canals, marsh fauna and flora, and local heritage.<\/p>\n<p data-start=\"1490\" data-end=\"1828\" class=\"\">A specialist in nature tourism in the Vend\u00e9e for over 40 years, La Route du Sel offers families, groups and businesses a range of options to suit all tastes: nature walks, guided tours, themed outings or unusual experiences such as an evening canoe trip with a candlelit dinner in the Mara\u00eechin.<\/p>\n<p data-start=\"1830\" data-end=\"2010\" class=\"\">The walks are supervised by qualified guides. The Salt Route has been awarded the <strong data-start=\"1913\" data-end=\"1933\">Qualit\u00e9 Tourisme<\/strong> and <strong data-start=\"1937\" data-end=\"1953\">Accueil V\u00e9lo<\/strong>, and committed to responsible tourism. <\/p>\n<p data-start=\"2012\" data-end=\"2115\" class=\"\">All walks are available by prior arrangement, with departures all year round from Sallertaine.<\/p>\n<p>[\/et_pb_text][et_pb_button button_url=&#8221;@ET-DC@eyJkeW5hbWljIjp0cnVlLCJjb250ZW50IjoicG9zdF9saW5rX3VybF9wYWdlIiwic2V0dGluZ3MiOnsicG9zdF9pZCI6IjIxNzUiLCJlbmFibGVfaHRtbCI6Im9mZiJ9fQ==@&#8221; button_text=&#8221;Who are we?&#8221; button_alignment=&#8221;center&#8221; _builder_version=&#8221;4.27.4&#8243; _dynamic_attributes=&#8221;button_url&#8221; _module_preset=&#8221;default&#8221; global_colors_info=&#8221;{}&#8221;][\/et_pb_button][\/et_pb_column][\/et_pb_row][\/et_pb_section][et_pb_section fb_built=&#8221;1&#8243; _builder_version=&#8221;4.16&#8243; _module_preset=&#8221;default&#8221; background_color=&#8221;#f9f8e3&#8243; use_background_color_gradient=&#8221;on&#8221; background_color_gradient_direction=&#8221;351deg&#8221; background_color_gradient_stops=&#8221;#f9e3cf 0%|#ffffff 100%&#8221; background_color_gradient_start=&#8221;#f9e3cf&#8221; background_color_gradient_end=&#8221;#ffffff&#8221; global_colors_info=&#8221;{}&#8221;][et_pb_row column_structure=&#8221;1_3,1_3,1_3&#8243; _builder_version=&#8221;4.16&#8243; _module_preset=&#8221;default&#8221; global_colors_info=&#8221;{}&#8221;][et_pb_column type=&#8221;1_3&#8243; _builder_version=&#8221;4.16&#8243; _module_preset=&#8221;default&#8221; animation_style=&#8221;slide&#8221; animation_direction=&#8221;bottom&#8221; animation_duration=&#8221;500ms&#8221; animation_delay=&#8221;200ms&#8221; animation_intensity_slide=&#8221;10%&#8221; global_colors_info=&#8221;{}&#8221;][et_pb_image src=&#8221;https:\/\/www.laroutedusel.com\/wp-content\/uploads\/2025\/02\/la-route-du-sel-canoe-famille-300&#215;200.jpg&#8221; title_text=&#8221;la-route-du-sel-canoe-family&#8221; url=&#8221;@ET-DC@eyJkeW5hbWljIjp0cnVlLCJjb250ZW50IjoicG9zdF9saW5rX3VybF9wYWdlIiwic2V0dGluZ3MiOnsicG9zdF9pZCI6IjEyNTciLCJlbmFibGVfaHRtbCI6Im9mZiJ9fQ==@&#8221; force_fullwidth=&#8221;on&#8221; _builder_version=&#8221;4.16&#8243; _dynamic_attributes=&#8221;url&#8221; _module_preset=&#8221;default&#8221; custom_margin=&#8221;||10px|||&#8221; animation_direction=&#8221;bottom&#8221; global_colors_info=&#8221;{}&#8221;][\/et_pb_image][et_pb_text _builder_version=&#8221;4.16&#8243; _module_preset=&#8221;default&#8221; header_2_font=&#8221;|800|||||||&#8221; header_2_font_size=&#8221;28px&#8221; header_3_font=&#8221;|800||on|||||&#8221; header_3_text_color=&#8221;#b0b610&#8243; header_3_font_size=&#8221;19px&#8221; text_orientation=&#8221;center&#8221; min_height=&#8221;26px&#8221; custom_margin=&#8221;17px||13px|||&#8221; global_colors_info=&#8221;{}&#8221;]<\/p>\n<h3>Our canoe trips<\/h3>\n<p>[\/et_pb_text][et_pb_text _builder_version=&#8221;4.16&#8243; _module_preset=&#8221;default&#8221; header_2_font=&#8221;|800|||||||&#8221; header_2_font_size=&#8221;28px&#8221; header_3_font=&#8221;|800||on|||||&#8221; header_3_text_color=&#8221;#b0b610&#8243; header_3_font_size=&#8221;19px&#8221; text_orientation=&#8221;center&#8221; custom_margin=&#8221;-8px||22px|||&#8221; global_colors_info=&#8221;{}&#8221;]<\/p>\n<p>Whether you choose an evening canoe trip in the moonlight, a historical discovery by canobus, a gourmet escapade at the Moulin de Rair\u00e9 or a nocturnal adventure in a bivouac, each outing promises emotion, sharing and immersion in the Breton marshes of the Vend\u00e9e. Book now and let yourself be carried away by the adventure! <\/p>\n<p>[\/et_pb_text][et_pb_button button_url=&#8221;@ET-DC@eyJkeW5hbWljIjp0cnVlLCJjb250ZW50IjoicG9zdF9saW5rX3VybF9wYWdlIiwic2V0dGluZ3MiOnsicG9zdF9pZCI6IjEyNTciLCJlbmFibGVfaHRtbCI6Im9mZiJ9fQ==@&#8221; button_text=&#8221;Read more&#8221; button_alignment=&#8221;center&#8221; _builder_version=&#8221;4.16&#8243; _dynamic_attributes=&#8221;button_url&#8221; _module_preset=&#8221;default&#8221; global_colors_info=&#8221;{}&#8221;][\/et_pb_button][\/et_pb_column][et_pb_column type=&#8221;1_3&#8243; _builder_version=&#8221;4.16&#8243; _module_preset=&#8221;default&#8221; animation_style=&#8221;slide&#8221; animation_direction=&#8221;bottom&#8221; animation_duration=&#8221;500ms&#8221; animation_delay=&#8221;400ms&#8221; animation_intensity_slide=&#8221;10%&#8221; global_colors_info=&#8221;{}&#8221;][et_pb_image src=&#8221;https:\/\/www.laroutedusel.com\/wp-content\/uploads\/2025\/02\/la-route-du-sel-velo-marais-300&#215;200.jpg&#8221; title_text=&#8221;la-route-du-sel-bike-marais&#8221; url=&#8221;@ET-DC@eyJkeW5hbWljIjp0cnVlLCJjb250ZW50IjoicG9zdF9saW5rX3VybF9wYWdlIiwic2V0dGluZ3MiOnsicG9zdF9pZCI6IjEyNjAiLCJlbmFibGVfaHRtbCI6Im9mZiJ9fQ==@&#8221; force_fullwidth=&#8221;on&#8221; _builder_version=&#8221;4.16&#8243; _dynamic_attributes=&#8221;url&#8221; _module_preset=&#8221;default&#8221; custom_margin=&#8221;||10px|||&#8221; animation_direction=&#8221;bottom&#8221; global_colors_info=&#8221;{}&#8221;][\/et_pb_image][et_pb_text _builder_version=&#8221;4.16&#8243; _module_preset=&#8221;default&#8221; header_2_font=&#8221;|800|||||||&#8221; header_2_font_size=&#8221;28px&#8221; header_3_font=&#8221;|800||on|||||&#8221; header_3_text_color=&#8221;#b0b610&#8243; header_3_font_size=&#8221;19px&#8221; text_orientation=&#8221;center&#8221; min_height=&#8221;26px&#8221; custom_margin=&#8221;17px||13px|||&#8221; global_colors_info=&#8221;{}&#8221;]<\/p>\n<h3>Our bike rides<\/h3>\n<p>[\/et_pb_text][et_pb_text _builder_version=&#8221;4.16&#8243; _module_preset=&#8221;default&#8221; header_2_font=&#8221;|800|||||||&#8221; header_2_font_size=&#8221;28px&#8221; header_3_font=&#8221;|800||on|||||&#8221; header_3_text_color=&#8221;#b0b610&#8243; header_3_font_size=&#8221;19px&#8221; text_orientation=&#8221;center&#8221; custom_margin=&#8221;-8px||22px|||&#8221; global_colors_info=&#8221;{}&#8221;]<\/p>\n<p>Discover our bike tours in the heart of the Breton marshes of the Vend\u00e9e region: guided, sensory and historical tours to discover our heritage, flora and fauna, suitable for everyone. For greater freedom, opt for a rental bike and cycle at your own pace through the bocage, marshes and coastline. Experience a friendly, authentic adventure in unspoilt natural surroundings!  <\/p>\n<p>[\/et_pb_text][et_pb_button button_url=&#8221;@ET-DC@eyJkeW5hbWljIjp0cnVlLCJjb250ZW50IjoicG9zdF9saW5rX3VybF9wYWdlIiwic2V0dGluZ3MiOnsicG9zdF9pZCI6IjEyNjAiLCJlbmFibGVfaHRtbCI6Im9mZiJ9fQ==@&#8221; button_text=&#8221;Read more&#8221; button_alignment=&#8221;center&#8221; _builder_version=&#8221;4.16&#8243; _dynamic_attributes=&#8221;button_url&#8221; _module_preset=&#8221;default&#8221; global_colors_info=&#8221;{}&#8221;][\/et_pb_button][\/et_pb_column][et_pb_column type=&#8221;1_3&#8243; _builder_version=&#8221;4.16&#8243; _module_preset=&#8221;default&#8221; animation_style=&#8221;slide&#8221; animation_direction=&#8221;bottom&#8221; animation_duration=&#8221;500ms&#8221; animation_delay=&#8221;600ms&#8221; animation_intensity_slide=&#8221;10%&#8221; global_colors_info=&#8221;{}&#8221;][et_pb_image src=&#8221;https:\/\/www.laroutedusel.com\/wp-content\/uploads\/2018\/09\/village-02-300&#215;200.jpg&#8221; title_text=&#8221;village of sallertaine&#8221; url=&#8221;@ET-DC@eyJkeW5hbWljIjp0cnVlLCJjb250ZW50IjoicG9zdF9saW5rX3VybF9wYWdlIiwic2V0dGluZ3MiOnsicG9zdF9pZCI6IjEyNjIiLCJlbmFibGVfaHRtbCI6Im9mZiJ9fQ==@&#8221; force_fullwidth=&#8221;on&#8221; _builder_version=&#8221;4.16&#8243; _dynamic_attributes=&#8221;url&#8221; _module_preset=&#8221;default&#8221; custom_margin=&#8221;||10px|||&#8221; animation_direction=&#8221;bottom&#8221; global_colors_info=&#8221;{}&#8221;][\/et_pb_image][et_pb_text _builder_version=&#8221;4.16&#8243; _module_preset=&#8221;default&#8221; header_2_font=&#8221;|800|||||||&#8221; header_2_font_size=&#8221;28px&#8221; header_3_font=&#8221;|800||on|||||&#8221; header_3_text_color=&#8221;#b0b610&#8243; header_3_font_size=&#8221;19px&#8221; text_orientation=&#8221;center&#8221; min_height=&#8221;26px&#8221; custom_margin=&#8221;17px||13px|||&#8221; global_colors_info=&#8221;{}&#8221;]<\/p>\n<h3>Our walks<\/h3>\n<p>[\/et_pb_text][et_pb_text _builder_version=&#8221;4.16&#8243; _module_preset=&#8221;default&#8221; header_2_font=&#8221;|800|||||||&#8221; header_2_font_size=&#8221;28px&#8221; header_3_font=&#8221;|800||on|||||&#8221; header_3_text_color=&#8221;#b0b610&#8243; header_3_font_size=&#8221;19px&#8221; text_orientation=&#8221;center&#8221; custom_margin=&#8221;-8px||22px|||&#8221; global_colors_info=&#8221;{}&#8221;]<\/p>\n<p>Explore the authenticity of Sallertaine! <br \/>Set off on a 2 or 3-hour guided walk that immerses you in the history of an ancient salt-producing land. A friendly stop at the Moulin de Rair\u00e9 completes this immersive, flexible experience, ideal for discovering the region&#8217;s heritage and unspoilt nature. <\/p>\n<p>[\/et_pb_text][et_pb_button button_url=&#8221;@ET-DC@eyJkeW5hbWljIjp0cnVlLCJjb250ZW50IjoicG9zdF9saW5rX3VybF9wYWdlIiwic2V0dGluZ3MiOnsicG9zdF9pZCI6IjEyNjIiLCJlbmFibGVfaHRtbCI6Im9mZiJ9fQ==@&#8221; button_text=&#8221;Read more&#8221; button_alignment=&#8221;center&#8221; _builder_version=&#8221;4.16&#8243; _dynamic_attributes=&#8221;button_url&#8221; _module_preset=&#8221;default&#8221; global_colors_info=&#8221;{}&#8221;][\/et_pb_button][\/et_pb_column][\/et_pb_row][\/et_pb_section][et_pb_section fb_built=&#8221;1&#8243; _builder_version=&#8221;4.16&#8243; _module_preset=&#8221;default&#8221; background_image=&#8221;https:\/\/www.laroutedusel.com\/wp-content\/uploads\/2025\/02\/la-route-du-sel-canoe-vendee-sallertaine.jpg&#8221; parallax=&#8221;on&#8221; custom_padding=&#8221;246px||246px||true|&#8221; global_colors_info=&#8221;{}&#8221;][et_pb_row _builder_version=&#8221;4.16&#8243; _module_preset=&#8221;default&#8221; global_colors_info=&#8221;{}&#8221;][et_pb_column type=&#8221;4_4&#8243; _builder_version=&#8221;4.16&#8243; _module_preset=&#8221;default&#8221; global_colors_info=&#8221;{}&#8221;][\/et_pb_column][\/et_pb_row][\/et_pb_section][et_pb_section fb_built=&#8221;1&#8243; _builder_version=&#8221;4.16&#8243; _module_preset=&#8221;default&#8221; background_enable_color=&#8221;off&#8221; use_background_color_gradient=&#8221;on&#8221; background_color_gradient_direction=&#8221;62deg&#8221; background_color_gradient_stops=&#8221;#1e1e1e 44%|#020200 100%&#8221; background_color_gradient_overlays_image=&#8221;on&#8221; background_color_gradient_start=&#8221;#1e1e1e&#8221; background_color_gradient_start_position=&#8221;44%&#8221; background_color_gradient_end=&#8221;#020200&#8243; background_enable_image=&#8221;off&#8221; global_colors_info=&#8221;{}&#8221;][et_pb_row column_structure=&#8221;1_2,1_2&#8243; _builder_version=&#8221;4.16&#8243; _module_preset=&#8221;default&#8221; global_colors_info=&#8221;{}&#8221;][et_pb_column type=&#8221;1_2&#8243; _builder_version=&#8221;4.16&#8243; _module_preset=&#8221;default&#8221; animation_style=&#8221;slide&#8221; animation_direction=&#8221;left&#8221; animation_duration=&#8221;500ms&#8221; animation_delay=&#8221;200ms&#8221; animation_intensity_slide=&#8221;20%&#8221; global_colors_info=&#8221;{}&#8221;][et_pb_text _builder_version=&#8221;4.16&#8243; _module_preset=&#8221;default&#8221; header_2_font=&#8221;|800|||||||&#8221; header_2_font_size=&#8221;28px&#8221; header_3_font=&#8221;|800||on|||||&#8221; header_3_text_color=&#8221;#b0b610&#8243; header_3_font_size=&#8221;19px&#8221; background_layout=&#8221;dark&#8221; custom_margin=&#8221;||15px|||&#8221; global_colors_info=&#8221;{}&#8221;]<\/p>\n<h3>Our &#8220;Group&#8221; activities<\/h3>\n<p>[\/et_pb_text][et_pb_text _builder_version=&#8221;4.16&#8243; _module_preset=&#8221;default&#8221; header_2_font=&#8221;|800|||||||&#8221; header_2_font_size=&#8221;28px&#8221; header_3_font=&#8221;|800||on|||||&#8221; header_3_text_color=&#8221;#b0b610&#8243; header_3_font_size=&#8221;19px&#8221; background_layout=&#8221;dark&#8221; global_colors_info=&#8221;{}&#8221;]<\/p>\n<p data-start=\"203\" data-end=\"390\" class=\"\">La Route du Sel opens the door to authentic experiences for all types of groups: families, friends, EVJF\/EVG groups, associations, companies.<\/p>\n<p data-start=\"392\" data-end=\"591\" class=\"\">Tours take place in the heart of the Marais Breton Vend\u00e9en, by canoe, on foot or by bike. Each outing can be tailored to your requirements, with a program to suit your needs. <\/p>\n<p data-start=\"593\" data-end=\"782\" class=\"\">Professional guides are on hand to provide guidance in a natural, accessible setting, ideal for discovery and conviviality.<\/p>\n<p>[\/et_pb_text][et_pb_button button_url=&#8221;@ET-DC@eyJkeW5hbWljIjp0cnVlLCJjb250ZW50IjoicG9zdF9saW5rX3VybF9wYWdlIiwic2V0dGluZ3MiOnsicG9zdF9pZCI6IjIxNjUiLCJlbmFibGVfaHRtbCI6Im9mZiJ9fQ==@&#8221; button_text=&#8221;Read more&#8221; _builder_version=&#8221;4.16&#8243; _dynamic_attributes=&#8221;button_url&#8221; _module_preset=&#8221;default&#8221; global_colors_info=&#8221;{}&#8221;][\/et_pb_button][\/et_pb_column][et_pb_column type=&#8221;1_2&#8243; _builder_version=&#8221;4.16&#8243; _module_preset=&#8221;default&#8221; animation_style=&#8221;slide&#8221; animation_direction=&#8221;right&#8221; animation_duration=&#8221;500ms&#8221; animation_delay=&#8221;400ms&#8221; animation_intensity_slide=&#8221;20%&#8221; global_colors_info=&#8221;{}&#8221;][et_pb_image src=&#8221;https:\/\/www.laroutedusel.com\/wp-content\/uploads\/2025\/02\/la-route-du-sel-canoe-fun.jpg&#8221; title_text=&#8221;la-route-du-sel-canoe-fun&#8221; _builder_version=&#8221;4.16&#8243; _module_preset=&#8221;default&#8221; box_shadow_style=&#8221;preset4&#8243; box_shadow_vertical=&#8221;11px&#8221; box_shadow_spread=&#8221;-2px&#8221; box_shadow_color=&#8221;#b0b610&#8243; global_colors_info=&#8221;{}&#8221;][\/et_pb_image][\/et_pb_column][\/et_pb_row][\/et_pb_section][et_pb_section fb_built=&#8221;1&#8243; _builder_version=&#8221;4.16&#8243; _module_preset=&#8221;default&#8221; background_enable_color=&#8221;off&#8221; use_background_color_gradient=&#8221;on&#8221; background_color_gradient_stops=&#8221;rgba(255,255,255,0.9) 0%|rgba(234,234,234,0.9) 100%&#8221; background_color_gradient_overlays_image=&#8221;on&#8221; background_color_gradient_start=&#8221;rgba(255,255,255,0.9)&#8221; background_color_gradient_end=&#8221;rgba(234,234,234,0.9)&#8221; background_image=&#8221;https:\/\/www.laroutedusel.com\/wp-content\/uploads\/2025\/02\/la-route-du-sel-velo-marais-sallertaine-balade-vendee.jpg&#8221; custom_padding=&#8221;89px||89px||true|&#8221; global_colors_info=&#8221;{}&#8221;][et_pb_row _builder_version=&#8221;4.27.4&#8243; _module_preset=&#8221;default&#8221; max_width=&#8221;560px&#8221; custom_padding=&#8221;||17px|||&#8221; global_colors_info=&#8221;{}&#8221;][et_pb_column type=&#8221;4_4&#8243; _builder_version=&#8221;4.16&#8243; _module_preset=&#8221;default&#8221; global_colors_info=&#8221;{}&#8221;][et_pb_text _builder_version=&#8221;4.16&#8243; _module_preset=&#8221;default&#8221; header_2_font=&#8221;|800|||||||&#8221; header_2_font_size=&#8221;28px&#8221; header_3_font=&#8221;|800||on|||||&#8221; header_3_text_color=&#8221;#b0b610&#8243; header_3_font_size=&#8221;19px&#8221; text_orientation=&#8221;center&#8221; global_colors_info=&#8221;{}&#8221;]<\/p>\n<h3>Contact &amp; Reservations<\/h3>\n<p>[\/et_pb_text][et_pb_text _builder_version=&#8221;4.16&#8243; _module_preset=&#8221;default&#8221; header_2_font=&#8221;|800|||||||&#8221; header_2_font_size=&#8221;28px&#8221; header_3_font=&#8221;|800||on|||||&#8221; header_3_text_color=&#8221;#b0b610&#8243; header_3_font_size=&#8221;19px&#8221; text_orientation=&#8221;center&#8221; custom_margin=&#8221;-3px|||||&#8221; global_colors_info=&#8221;{}&#8221;]<\/p>\n<p><strong>Do you have a question? <br \/><\/strong>The La Route du Sel team will be happy to answer any questions you may have.<\/p>\n<p><strong>Have you chosen a ride? <\/strong>Our online booking module will make your stay as easy as possible. <strong><br \/><\/strong><\/p>\n<p>[\/et_pb_text][\/et_pb_column][\/et_pb_row][et_pb_row column_structure=&#8221;1_2,1_2&#8243; _builder_version=&#8221;4.27.4&#8243; _module_preset=&#8221;default&#8221; max_width=&#8221;560px&#8221; custom_padding=&#8221;7px|||||&#8221; global_colors_info=&#8221;{}&#8221;][et_pb_column type=&#8221;1_2&#8243; _builder_version=&#8221;4.27.4&#8243; _module_preset=&#8221;default&#8221; global_colors_info=&#8221;{}&#8221;][et_pb_button button_url=&#8221;@ET-DC@eyJkeW5hbWljIjp0cnVlLCJjb250ZW50IjoicG9zdF9saW5rX3VybF9wYWdlIiwic2V0dGluZ3MiOnsicG9zdF9pZCI6IjY2MzYiLCJlbmFibGVfaHRtbCI6Im9mZiJ9fQ==@&#8221; button_text=&#8221;Book your ride&#8221; button_alignment=&#8221;center&#8221; _builder_version=&#8221;4.27.4&#8243; _dynamic_attributes=&#8221;button_url&#8221; _module_preset=&#8221;default&#8221; global_colors_info=&#8221;{}&#8221;][\/et_pb_button][\/et_pb_column][et_pb_column type=&#8221;1_2&#8243; _builder_version=&#8221;4.27.4&#8243; _module_preset=&#8221;default&#8221; global_colors_info=&#8221;{}&#8221;][et_pb_button button_url=&#8221;@ET-DC@eyJkeW5hbWljIjp0cnVlLCJjb250ZW50IjoicG9zdF9saW5rX3VybF9wYWdlIiwic2V0dGluZ3MiOnsicG9zdF9pZCI6IjEyNjgiLCJlbmFibGVfaHRtbCI6Im9mZiJ9fQ==@&#8221; button_text=&#8221;Contact us&#8221; button_alignment=&#8221;center&#8221; _builder_version=&#8221;4.27.4&#8243; _dynamic_attributes=&#8221;button_url&#8221; _module_preset=&#8221;default&#8221; global_colors_info=&#8221;{}&#8221;][\/et_pb_button][\/et_pb_column][\/et_pb_row][\/et_pb_section]<\/p>\n","protected":false},"excerpt":{"rendered":"<p>Hiking &amp; D\u00e9couvertes May programme &nbsp;La Route du Sel All year round, La Route du Sel offers guided trips by canoe, bike or on foot to discover the Breton Marshes of the Vend\u00e9e in a gentle and authentic way. From Sallertaine, Bois-de-C\u00e9n\u00e9, Saint-Urbain and Machecoul, visitors can explore an area shaped by man and nature: [&hellip;]<\/p>\n","protected":false},"author":1,"featured_media":6353,"parent":0,"menu_order":31,"comment_status":"closed","ping_status":"closed","template":"","meta":{"_acf_changed":false,"_et_pb_use_builder":"on","_et_pb_old_content":"","_et_gb_content_width":"","inline_featured_image":false,"footnotes":""},"class_list":["post-7119","page","type-page","status-publish","has-post-thumbnail","hentry"],"acf":[],"_links":{"self":[{"href":"https:\/\/www.laroutedusel.com\/en\/wp-json\/wp\/v2\/pages\/7119","targetHints":{"allow":["GET"]}}],"collection":[{"href":"https:\/\/www.laroutedusel.com\/en\/wp-json\/wp\/v2\/pages"}],"about":[{"href":"https:\/\/www.laroutedusel.com\/en\/wp-json\/wp\/v2\/types\/page"}],"author":[{"embeddable":true,"href":"https:\/\/www.laroutedusel.com\/en\/wp-json\/wp\/v2\/users\/1"}],"replies":[{"embeddable":true,"href":"https:\/\/www.laroutedusel.com\/en\/wp-json\/wp\/v2\/comments?post=7119"}],"version-history":[{"count":0,"href":"https:\/\/www.laroutedusel.com\/en\/wp-json\/wp\/v2\/pages\/7119\/revisions"}],"wp:featuredmedia":[{"embeddable":true,"href":"https:\/\/www.laroutedusel.com\/en\/wp-json\/wp\/v2\/media\/6353"}],"wp:attachment":[{"href":"https:\/\/www.laroutedusel.com\/en\/wp-json\/wp\/v2\/media?parent=7119"}],"curies":[{"name":"wp","href":"https:\/\/api.w.org\/{rel}","templated":true}]}}