{"id":7083,"date":"2025-04-21T16:03:53","date_gmt":"2025-04-21T15:03:53","guid":{"rendered":"https:\/\/www.laroutedusel.com\/accessibilite\/"},"modified":"2025-06-19T14:10:28","modified_gmt":"2025-06-19T13:10:28","slug":"accessibilite","status":"publish","type":"page","link":"https:\/\/www.laroutedusel.com\/en\/accessibilite\/","title":{"rendered":"Accessibility"},"content":{"rendered":"<p>[et_pb_section fb_built=&#8221;1&#8243; fullwidth=&#8221;on&#8221; admin_label=&#8221;Hero Section&#8221; _builder_version=&#8221;4.16&#8243; background_color=&#8221;#233b4e&#8221; parallax=&#8221;on&#8221; custom_padding=&#8221;0px|0px|0px|0px&#8221; locked=&#8221;off&#8221; global_colors_info=&#8221;{}&#8221;][et_pb_fullwidth_header title=&#8221;Access&#8221; background_overlay_color=&#8221;rgba(29,38,51,0.86)&#8221; admin_label=&#8221;Hero&#8221; _builder_version=&#8221;4.27.4&#8243; title_font=&#8221;|800||on|||||&#8221; title_font_size=&#8221;60px&#8221; title_line_height=&#8221;1.3em&#8221; content_font=&#8221;||||||||&#8221; content_font_size=&#8221;20px&#8221; background_color=&#8221;rgba(255, 255, 255, 0)&#8221; background_image=&#8221;https:\/\/www.laroutedusel.com\/wp-content\/uploads\/2018\/09\/infos-bandeau.jpg&#8221; parallax=&#8221;on&#8221; parallax_method=&#8221;on&#8221; button_one_icon=&#8221;&#x24;||divi||400&#8243; button_one_icon_color=&#8221;#ffffff&#8221; custom_padding=&#8221;200px||200px||true|false&#8221; animation_style=&#8221;zoom&#8221; animation_direction=&#8221;bottom&#8221; animation_intensity_zoom=&#8221;4%&#8221; button_one_text_color_hover=&#8221;#ffffff&#8221; button_one_border_color_hover=&#8221;#ffffff&#8221; button_one_border_radius_hover=&#8221;0px&#8221; button_one_letter_spacing_hover=&#8221;4px&#8221; button_one_bg_color_hover=&#8221;rgba(0,0,0,0)&#8221; global_colors_info=&#8221;{}&#8221; button_one_text_size__hover_enabled=&#8221;off&#8221; button_two_text_size__hover_enabled=&#8221;off&#8221; button_one_text_color__hover_enabled=&#8221;on&#8221; button_one_text_color__hover=&#8221;#ffffff&#8221; button_two_text_color__hover_enabled=&#8221;off&#8221; button_one_border_width__hover_enabled=&#8221;off&#8221; button_two_border_width__hover_enabled=&#8221;off&#8221; button_one_border_color__hover_enabled=&#8221;on&#8221; button_one_border_color__hover=&#8221;#ffffff&#8221; button_two_border_color__hover_enabled=&#8221;off&#8221; button_one_border_radius__hover_enabled=&#8221;on&#8221; button_one_border_radius__hover=&#8221;0px&#8221; button_two_border_radius__hover_enabled=&#8221;off&#8221; button_one_letter_spacing__hover_enabled=&#8221;on&#8221; button_one_letter_spacing__hover=&#8221;4px&#8221; button_two_letter_spacing__hover_enabled=&#8221;off&#8221; button_one_bg_color__hover_enabled=&#8221;on&#8221; button_one_bg_color__hover=&#8221;rgba(0,0,0,0)&#8221; button_two_bg_color__hover_enabled=&#8221;off&#8221;]<\/p>\n<h3>To join us<\/h3>\n<p>[\/et_pb_fullwidth_header][\/et_pb_section][et_pb_section fb_built=&#8221;1&#8243; _builder_version=&#8221;4.27.4&#8243; _module_preset=&#8221;default&#8221; custom_padding=&#8221;9px||12px|||&#8221; locked=&#8221;off&#8221; global_colors_info=&#8221;{}&#8221;][et_pb_row _builder_version=&#8221;4.27.4&#8243; _module_preset=&#8221;default&#8221; custom_padding=&#8221;10px||0px|||&#8221; global_colors_info=&#8221;{}&#8221;][et_pb_column type=&#8221;4_4&#8243; _builder_version=&#8221;4.27.4&#8243; _module_preset=&#8221;default&#8221; global_colors_info=&#8221;{}&#8221;][et_pb_code _builder_version=&#8221;4.27.4&#8243; _module_preset=&#8221;default&#8221; global_colors_info=&#8221;{}&#8221;]<span><span><a href=\"https:\/\/www.laroutedusel.com\/en\/home\/\">La Route du Sel<\/a><\/span><\/span>[\/et_pb_code][\/et_pb_column][\/et_pb_row][\/et_pb_section][et_pb_section fb_built=&#8221;1&#8243; admin_label=&#8221;Section&#8221; _builder_version=&#8221;4.16&#8243; custom_margin=&#8221;0px||0px|&#8221; custom_padding=&#8221;0px||0px|&#8221; global_colors_info=&#8221;{}&#8221;][et_pb_row use_custom_gutter=&#8221;on&#8221; gutter_width=&#8221;1&#8243; module_class=&#8221; et_pb_row_fullwidth&#8221; _builder_version=&#8221;4.16&#8243; background_size=&#8221;initial&#8221; background_position=&#8221;top_left&#8221; background_repeat=&#8221;repeat&#8221; width=&#8221;100%&#8221; width_tablet=&#8221;100%&#8221; width_phone=&#8221;&#8221; width_last_edited=&#8221;on|desktop&#8221; max_width=&#8221;100%&#8221; max_width_tablet=&#8221;100%&#8221; max_width_phone=&#8221;&#8221; max_width_last_edited=&#8221;on|desktop&#8221; custom_margin=&#8221;0px||0px|&#8221; custom_padding=&#8221;0px||0px|&#8221; make_fullwidth=&#8221;on&#8221; global_colors_info=&#8221;{}&#8221;][et_pb_column type=&#8221;4_4&#8243; _builder_version=&#8221;4.16&#8243; custom_padding=&#8221;|||&#8221; global_colors_info=&#8221;{}&#8221; custom_padding__hover=&#8221;|||&#8221;][\/et_pb_column][\/et_pb_row][et_pb_row column_structure=&#8221;1_5,1_5,1_5,1_5,1_5&#8243; _builder_version=&#8221;4.16&#8243; custom_margin=&#8221;0px||40px|&#8221; custom_padding=&#8221;0px|||&#8221; global_colors_info=&#8221;{}&#8221;][et_pb_column type=&#8221;1_5&#8243; _builder_version=&#8221;4.16&#8243; custom_padding=&#8221;|||&#8221; global_colors_info=&#8221;{}&#8221; custom_padding__hover=&#8221;|||&#8221;][et_pb_text _builder_version=&#8221;4.16&#8243; header_font_size=&#8221;18px&#8221; animation_style=&#8221;slide&#8221; animation_direction=&#8221;bottom&#8221; animation_duration=&#8221;500ms&#8221; animation_intensity_slide=&#8221;15%&#8221; global_colors_info=&#8221;{}&#8221;]<\/p>\n<h1 style=\"text-align: center;\"><a href=\"https:\/\/www.laroutedusel.com\/wp-content\/uploads\/2022\/02\/Car-96.png\"><img loading=\"lazy\" decoding=\"async\" class=\"alignnone wp-image-3396\" src=\"https:\/\/www.laroutedusel.com\/wp-content\/uploads\/2022\/02\/Car-96.png\" alt=\"\" width=\"70\" height=\"70\"><\/a><\/h1>\n<h1 style=\"text-align: center;\">By road<\/h1>\n<p style=\"text-align: center;\">Via the D948 Sallertaine exit. 5 minutes from Challans, 15 minutes from St Jean de Monts, 25 minutes from St Gilles Croix de Vie, 40 minutes from Noirmoutier en l&#8217;\u00eele, 40 minutes from La Roche\/ Yon and 50 minutes from Nantes. <\/p>\n<p>[\/et_pb_text][\/et_pb_column][et_pb_column type=&#8221;1_5&#8243; _builder_version=&#8221;4.16&#8243; custom_padding=&#8221;|||&#8221; global_colors_info=&#8221;{}&#8221; custom_padding__hover=&#8221;|||&#8221;][et_pb_text _builder_version=&#8221;4.27.4&#8243; header_font=&#8221;||||||||&#8221; header_font_size=&#8221;18px&#8221; animation_style=&#8221;slide&#8221; animation_direction=&#8221;bottom&#8221; animation_duration=&#8221;500ms&#8221; animation_delay=&#8221;100ms&#8221; animation_intensity_slide=&#8221;15%&#8221; hover_enabled=&#8221;0&#8243; global_colors_info=&#8221;{}&#8221; sticky_enabled=&#8221;0&#8243;]<\/p>\n<p><img loading=\"lazy\" decoding=\"async\" class=\"wp-image-842 alignnone size-full\" style=\"display: block; margin-left: auto; margin-right: auto;\" src=\"http:\/\/www.laroutedusel.com\/wp-content\/uploads\/2017\/11\/Bus-96.png\" alt=\"\" width=\"59\" height=\"59\" \/><\/p>\n<h1 style=\"text-align: center;\">En bus<\/h1>\n<p style=\"text-align: center;\">En bus, via ligne 171 Sovetours (La Roche sur Yon &#8211; Noirmoutier) &#8220;arr\u00eat 4 Moulins Sallertaine&#8221;<\/p>\n<p>[\/et_pb_text][\/et_pb_column][et_pb_column type=&#8221;1_5&#8243; _builder_version=&#8221;4.16&#8243; custom_padding=&#8221;|||&#8221; global_colors_info=&#8221;{}&#8221; custom_padding__hover=&#8221;|||&#8221;][et_pb_text _builder_version=&#8221;4.27.4&#8243; header_font=&#8221;||||||||&#8221; header_font_size=&#8221;18px&#8221; animation_style=&#8221;slide&#8221; animation_direction=&#8221;bottom&#8221; animation_duration=&#8221;500ms&#8221; animation_delay=&#8221;200ms&#8221; animation_intensity_slide=&#8221;15%&#8221; global_colors_info=&#8221;{}&#8221; admin_label=&#8221;Texte&#8221;]<\/p>\n<p><img loading=\"lazy\" decoding=\"async\" class=\"wp-image-845 alignnone size-full\" style=\"display: block; margin-left: auto; margin-right: auto;\" src=\"http:\/\/www.laroutedusel.com\/wp-content\/uploads\/2017\/11\/Train-96.png\" alt=\"\" width=\"60\" height=\"60\" \/><\/p>\n<h1 style=\"text-align: center;\">En train<\/h1>\n<p style=\"text-align: center;\">Gare SNCF de Challans \u00e0 5 minutes via ligne TER reliant Saint Gilles Croix de Vie \u00e0 Nantes.<\/p>\n<p>[\/et_pb_text][\/et_pb_column][et_pb_column type=&#8221;1_5&#8243; _builder_version=&#8221;4.16&#8243; custom_padding=&#8221;|||&#8221; global_colors_info=&#8221;{}&#8221; custom_padding__hover=&#8221;|||&#8221;][et_pb_text _builder_version=&#8221;4.27.4&#8243; header_font=&#8221;||||||||&#8221; header_font_size=&#8221;18px&#8221; animation_style=&#8221;slide&#8221; animation_direction=&#8221;bottom&#8221; animation_duration=&#8221;500ms&#8221; animation_delay=&#8221;300ms&#8221; animation_intensity_slide=&#8221;15%&#8221; global_colors_info=&#8221;{}&#8221;]<img loading=\"lazy\" decoding=\"async\" class=\"wp-image-846 alignnone size-full\" style=\"display: block; margin-left: auto; margin-right: auto;\" src=\"http:\/\/www.laroutedusel.com\/wp-content\/uploads\/2017\/11\/Airplane-Front-View-96.png\" alt=\"\" width=\"60\" height=\"60\"><\/p>\n<h1 style=\"text-align: center;\">By plane<\/h1>\n<p style=\"text-align: center;\">Nantes airport is 50 minutes from the site.<\/p>\n<p>[\/et_pb_text][\/et_pb_column][et_pb_column type=&#8221;1_5&#8243; _builder_version=&#8221;4.16&#8243; custom_padding=&#8221;|||&#8221; global_colors_info=&#8221;{}&#8221; custom_padding__hover=&#8221;|||&#8221;][et_pb_image src=&#8221;http:\/\/www.laroutedusel.com\/wp-content\/uploads\/2018\/05\/Bike.png&#8221; show_bottom_space=&#8221;off&#8221; align=&#8221;center&#8221; align_tablet=&#8221;center&#8221; align_phone=&#8221;&#8221; align_last_edited=&#8221;on|desktop&#8221; _builder_version=&#8221;4.27.4&#8243; max_width=&#8221;36%&#8221; module_alignment=&#8221;center&#8221; custom_margin=&#8221;3px||0px|&#8221; custom_padding=&#8221;0px|||&#8221; global_colors_info=&#8221;{}&#8221;]&nbsp;<br \/>\n[\/et_pb_image][et_pb_text admin_label=&#8221;Texte&#8221; _builder_version=&#8221;4.27.4&#8243; text_font=&#8221;||||||||&#8221; text_line_height=&#8221;1.6em&#8221; header_font=&#8221;||||||||&#8221; header_font_size=&#8221;18px&#8221; text_orientation=&#8221;center&#8221; custom_margin=&#8221;11px||0px|&#8221; animation_style=&#8221;slide&#8221; animation_direction=&#8221;bottom&#8221; animation_duration=&#8221;500ms&#8221; animation_delay=&#8221;300ms&#8221; animation_intensity_slide=&#8221;15%&#8221; global_colors_info=&#8221;{}&#8221;]<\/p>\n<h1 style=\"text-align: center;\">BY BIKE<\/h1>\n<p style=\"text-align: center;\">Proximit\u00e9 de la <a href=\"https:\/\/www.lavelodyssee.com\/\"><em>V\u00e9loroute La V\u00e9lodyss\u00e9e<\/em><\/a> et sur les parcours de la <a href=\"http:\/\/www.vendeevelo.vendee.fr\/les-differentes-pistes\/littoral\"><em>Vend\u00e9e \u00e0 v\u00e9lo<\/em><\/a>. Labellis\u00e9 <a href=\"https:\/\/www.francevelotourisme.com\/accueil-velo\"><em>Accueil V\u00e9lo<\/em><\/a>. Stationnement v\u00e9lo  <\/p>\n<p>[\/et_pb_text][\/et_pb_column][\/et_pb_row][et_pb_row column_structure=&#8221;1_5,1_5,1_5,1_5,1_5&#8243; _builder_version=&#8221;4.16&#8243; custom_margin=&#8221;0px||70px|&#8221; custom_padding=&#8221;|||&#8221; global_colors_info=&#8221;{}&#8221;][et_pb_column type=&#8221;1_5&#8243; _builder_version=&#8221;4.16&#8243; custom_padding=&#8221;|||&#8221; global_colors_info=&#8221;{}&#8221; custom_padding__hover=&#8221;|||&#8221;][et_pb_text _builder_version=&#8221;4.27.4&#8243; header_font_size=&#8221;18px&#8221; animation_style=&#8221;slide&#8221; animation_direction=&#8221;bottom&#8221; animation_duration=&#8221;500ms&#8221; animation_intensity_slide=&#8221;15%&#8221; global_colors_info=&#8221;{}&#8221;]<\/p>\n<h1 style=\"text-align: center;\"><a href=\"https:\/\/www.laroutedusel.com\/wp-content\/uploads\/2022\/02\/Parking-96.png\"><img loading=\"lazy\" decoding=\"async\" class=\"alignnone wp-image-3397\" src=\"https:\/\/www.laroutedusel.com\/wp-content\/uploads\/2022\/02\/Parking-96.png\" alt=\"\" width=\"70\" height=\"70\"><\/a><\/h1>\n<h1 style=\"text-align: center;\">Free parking<\/h1>\n<p style=\"text-align: center;\">There are three free car parks close to reception (church, town hall, town entrance).<\/p>\n<p>[\/et_pb_text][\/et_pb_column][et_pb_column type=&#8221;1_5&#8243; _builder_version=&#8221;4.16&#8243; custom_padding=&#8221;|||&#8221; global_colors_info=&#8221;{}&#8221; custom_padding__hover=&#8221;|||&#8221;][et_pb_text _builder_version=&#8221;4.27.4&#8243; header_font=&#8221;||||||||&#8221; header_font_size=&#8221;18px&#8221; animation_style=&#8221;slide&#8221; animation_direction=&#8221;bottom&#8221; animation_duration=&#8221;500ms&#8221; animation_delay=&#8221;100ms&#8221; animation_intensity_slide=&#8221;15%&#8221; global_colors_info=&#8221;{}&#8221;]<img loading=\"lazy\" decoding=\"async\" class=\"wp-image-852 alignnone size-full\" style=\"display: block; margin-left: auto; margin-right: auto;\" src=\"http:\/\/www.laroutedusel.com\/wp-content\/uploads\/2017\/11\/RV-Campground-96.png\" alt=\"\" width=\"60\" height=\"60\"><\/p>\n<h1 style=\"text-align: center;\">Camping car<\/h1>\n<p style=\"text-align: center;\">Pay car park with toilet and drainage facilities, water and electricity.<\/p>\n<p>[\/et_pb_text][\/et_pb_column][et_pb_column type=&#8221;1_5&#8243; _builder_version=&#8221;4.16&#8243; custom_padding=&#8221;|||&#8221; global_colors_info=&#8221;{}&#8221; custom_padding__hover=&#8221;|||&#8221;][et_pb_text _builder_version=&#8221;4.16&#8243; header_font=&#8221;||||||||&#8221; header_font_size=&#8221;18px&#8221; animation_style=&#8221;slide&#8221; animation_direction=&#8221;bottom&#8221; animation_duration=&#8221;500ms&#8221; animation_delay=&#8221;200ms&#8221; animation_intensity_slide=&#8221;15%&#8221; global_colors_info=&#8221;{}&#8221;]<\/p>\n<p><img loading=\"lazy\" decoding=\"async\" class=\"wp-image-854 alignnone size-full\" style=\"display: block; margin-left: auto; margin-right: auto;\" src=\"http:\/\/www.laroutedusel.com\/wp-content\/uploads\/2017\/11\/IP-Address-96.png\" alt=\"\" width=\"60\" height=\"60\"><\/p>\n<h1 style=\"text-align: center;\">Address<\/h1>\n<p style=\"text-align: center;\">49 Rue de Verdun<br \/>85300 Sallertaine<\/p>\n<p>[\/et_pb_text][\/et_pb_column][et_pb_column type=&#8221;1_5&#8243; _builder_version=&#8221;4.16&#8243; custom_padding=&#8221;|||&#8221; global_colors_info=&#8221;{}&#8221; custom_padding__hover=&#8221;|||&#8221;][et_pb_text admin_label=&#8221;Texte&#8221; _builder_version=&#8221;4.27.4&#8243; header_font=&#8221;||||||||&#8221; header_font_size=&#8221;18px&#8221; animation_style=&#8221;slide&#8221; animation_direction=&#8221;bottom&#8221; animation_duration=&#8221;500ms&#8221; animation_delay=&#8221;300ms&#8221; animation_intensity_slide=&#8221;15%&#8221; global_colors_info=&#8221;{}&#8221;]<\/p>\n<p><img loading=\"lazy\" decoding=\"async\" class=\"wp-image-857 alignnone size-full\" style=\"display: block; margin-left: auto; margin-right: auto;\" src=\"http:\/\/www.laroutedusel.com\/wp-content\/uploads\/2017\/11\/GPS-Device-96.png\" alt=\"\" width=\"60\" height=\"60\"><\/p>\n<h1 style=\"text-align: center;\">GPS coordinates<\/h1>\n<p style=\"text-align: center;\"><strong>Latitude<\/strong> : 46.85997829<br \/><strong>Longitude<\/strong> : -1.95761059<\/p>\n<p>[\/et_pb_text][\/et_pb_column][et_pb_column type=&#8221;1_5&#8243; _builder_version=&#8221;4.16&#8243; _module_preset=&#8221;default&#8221; global_colors_info=&#8221;{}&#8221;][et_pb_text admin_label=&#8221;Texte&#8221; _builder_version=&#8221;4.27.4&#8243; header_font=&#8221;||||||||&#8221; header_font_size=&#8221;18px&#8221; animation_style=&#8221;slide&#8221; animation_direction=&#8221;bottom&#8221; animation_duration=&#8221;500ms&#8221; animation_delay=&#8221;300ms&#8221; animation_intensity_slide=&#8221;15%&#8221; global_colors_info=&#8221;{}&#8221;]<\/p>\n<h1><a href=\"https:\/\/www.laroutedusel.com\/wp-content\/uploads\/2020\/12\/pique-nique.png\"><img loading=\"lazy\" decoding=\"async\" class=\"wp-image-2952 aligncenter\" src=\"https:\/\/www.laroutedusel.com\/wp-content\/uploads\/2020\/12\/pique-nique.png\" alt=\"\" width=\"64\" height=\"64\"><\/a><\/h1>\n<h1 style=\"text-align: center;\">Restauration<\/h1>\n<p style=\"text-align: center;\">Dans le village, vous trouverez le restaurant le <a href=\"https:\/\/www.restaurant-lemaraisgourmand.com\/\">Marais Gourmand<\/a> et la <a href=\"https:\/\/lacantineduchenevert.fr\/\">Cantine du Ch\u00eane Vert <\/a>. Des tables de pique-nique sont \u00e9galement pr\u00e9sentes \u00e0 Sallertaine.  <strong><br \/><\/strong><\/p>\n<p>&nbsp;<\/p>\n<p style=\"text-align: center;\">[\/et_pb_text][\/et_pb_column][\/et_pb_row][\/et_pb_section][et_pb_section fb_built=&#8221;1&#8243; fullwidth=&#8221;on&#8221; prev_background_color=&#8221;#ffffff&#8221; next_background_color=&#8221;#ffffff&#8221; _builder_version=&#8221;4.16&#8243; background_image=&#8221;http:\/\/www.laroutedusel.com\/wp-content\/uploads\/2018\/09\/groupe-separator.jpg&#8221; parallax=&#8221;on&#8221; custom_padding=&#8221;250px||250px|&#8221; top_divider_style=&#8221;slant2&#8243; bottom_divider_style=&#8221;slant2&#8243; bottom_divider_height=&#8221;153px&#8221; bottom_divider_flip=&#8221;horizontal&#8221; global_colors_info=&#8221;{}&#8221;][\/et_pb_section][et_pb_section fb_built=&#8221;1&#8243; _builder_version=&#8221;4.16&#8243; custom_margin=&#8221;||0px|&#8221; custom_padding=&#8221;||0px|&#8221; global_colors_info=&#8221;{}&#8221;][et_pb_row _builder_version=&#8221;4.16&#8243; global_colors_info=&#8221;{}&#8221;][et_pb_column type=&#8221;4_4&#8243; _builder_version=&#8221;4.16&#8243; custom_padding=&#8221;|||&#8221; global_colors_info=&#8221;{}&#8221; custom_padding__hover=&#8221;|||&#8221;][et_pb_text _builder_version=&#8221;4.16&#8243; global_colors_info=&#8221;{}&#8221;]<\/p>\n<h1 style=\"text-align: center;\">Accessibility<\/h1>\n<h2 style=\"text-align: center;\">A service tailored to people with disabilities<\/h2>\n<p>[\/et_pb_text][\/et_pb_column][\/et_pb_row][\/et_pb_section][et_pb_section fb_built=&#8221;1&#8243; _builder_version=&#8221;4.16&#8243; use_background_color_gradient=&#8221;on&#8221; background_color_gradient_direction=&#8221;191deg&#8221; background_color_gradient_stops=&#8221;#318ad8 0%|#edf000 100%&#8221; background_color_gradient_start=&#8221;#318ad8&#8243; background_color_gradient_end=&#8221;#edf000&#8243; custom_margin=&#8221;|||&#8221; custom_padding=&#8221;150px||150px||false|false&#8221; top_divider_style=&#8221;arrow2&#8243; top_divider_color=&#8221;#ffffff&#8221; top_divider_height=&#8221;150px&#8221; top_divider_flip=&#8221;vertical&#8221; bottom_divider_style=&#8221;arrow2&#8243; bottom_divider_color=&#8221;#729ec1&#8243; bottom_divider_height=&#8221;150px&#8221; bottom_divider_arrangement=&#8221;above_content&#8221; global_colors_info=&#8221;{}&#8221;][et_pb_row column_structure=&#8221;1_3,1_3,1_3&#8243; _builder_version=&#8221;4.16&#8243; custom_margin=&#8221;|||&#8221; custom_padding=&#8221;||60px|&#8221; global_colors_info=&#8221;{}&#8221;][et_pb_column type=&#8221;1_3&#8243; _builder_version=&#8221;4.16&#8243; custom_padding=&#8221;|||&#8221; global_colors_info=&#8221;{}&#8221; custom_padding__hover=&#8221;|||&#8221;][et_pb_text admin_label=&#8221;Texte&#8221; _builder_version=&#8221;4.16&#8243; text_font=&#8221;||||||||&#8221; header_font=&#8221;||||||||&#8221; header_font_size=&#8221;18px&#8221; background_layout=&#8221;dark&#8221; animation_style=&#8221;slide&#8221; animation_direction=&#8221;bottom&#8221; animation_duration=&#8221;500ms&#8221; animation_intensity_slide=&#8221;15%&#8221; global_colors_info=&#8221;{}&#8221;]<img loading=\"lazy\" decoding=\"async\" class=\"wp-image-850 alignnone size-full\" style=\"display: block; margin-left: auto; margin-right: auto;\" src=\"http:\/\/www.laroutedusel.com\/wp-content\/uploads\/2017\/11\/Parking-96.png\" alt=\"\" width=\"60\" height=\"60\"><\/p>\n<h1 style=\"text-align: center;\">Parking<\/h1>\n<p style=\"text-align: center;\">Reserved spaces for the disabled are available in the village&#8217;s three car parks.<\/p>\n<p>[\/et_pb_text][\/et_pb_column][et_pb_column type=&#8221;1_3&#8243; _builder_version=&#8221;4.16&#8243; custom_padding=&#8221;|||&#8221; global_colors_info=&#8221;{}&#8221; custom_padding__hover=&#8221;|||&#8221;][et_pb_text admin_label=&#8221;Texte&#8221; _builder_version=&#8221;4.16&#8243; text_font=&#8221;||||||||&#8221; header_font=&#8221;||||||||&#8221; header_font_size=&#8221;18px&#8221; background_layout=&#8221;dark&#8221; animation_style=&#8221;slide&#8221; animation_direction=&#8221;bottom&#8221; animation_duration=&#8221;500ms&#8221; animation_delay=&#8221;100ms&#8221; animation_intensity_slide=&#8221;15%&#8221; global_colors_info=&#8221;{}&#8221;]<img loading=\"lazy\" decoding=\"async\" class=\"wp-image-864 alignnone size-full\" style=\"display: block; margin-left: auto; margin-right: auto;\" src=\"http:\/\/www.laroutedusel.com\/wp-content\/uploads\/2017\/11\/Toilet-Paper-96.png\" alt=\"\" width=\"60\" height=\"60\"><\/p>\n<h1 style=\"text-align: center;\">Toilets<\/h1>\n<p style=\"text-align: center;\">Fully-equipped toilets are available near the car parks and at La Route du Sel, near the entrance to the Vaulieu garden.<\/p>\n<p>[\/et_pb_text][\/et_pb_column][et_pb_column type=&#8221;1_3&#8243; _builder_version=&#8221;4.16&#8243; custom_padding=&#8221;|||&#8221; global_colors_info=&#8221;{}&#8221; custom_padding__hover=&#8221;|||&#8221;][et_pb_text admin_label=&#8221;Texte&#8221; _builder_version=&#8221;4.16&#8243; text_font=&#8221;||||||||&#8221; header_font=&#8221;||||||||&#8221; header_font_size=&#8221;18px&#8221; background_layout=&#8221;dark&#8221; animation_style=&#8221;slide&#8221; animation_direction=&#8221;bottom&#8221; animation_duration=&#8221;500ms&#8221; animation_delay=&#8221;200ms&#8221; animation_intensity_slide=&#8221;15%&#8221; global_colors_info=&#8221;{}&#8221;]<img loading=\"lazy\" decoding=\"async\" class=\"wp-image-862 alignnone size-full\" style=\"display: block; margin-left: auto; margin-right: auto;\" src=\"http:\/\/www.laroutedusel.com\/wp-content\/uploads\/2017\/11\/Home-96.png\" alt=\"\" width=\"60\" height=\"60\"><\/p>\n<h1 style=\"text-align: center;\">Reception area<\/h1>\n<p style=\"text-align: center;\">The reception area was made accessible in 2019, via the Vaulieu garden (at the rear of La Route du Sel). <\/p>\n<p>[\/et_pb_text][\/et_pb_column][\/et_pb_row][et_pb_row column_structure=&#8221;1_3,1_3,1_3&#8243; _builder_version=&#8221;4.16&#8243; custom_margin=&#8221;|||&#8221; custom_padding=&#8221;|||&#8221; global_colors_info=&#8221;{}&#8221;][et_pb_column type=&#8221;1_3&#8243; _builder_version=&#8221;4.16&#8243; custom_padding=&#8221;|||&#8221; global_colors_info=&#8221;{}&#8221; custom_padding__hover=&#8221;|||&#8221;][et_pb_text admin_label=&#8221;Texte&#8221; _builder_version=&#8221;4.16&#8243; text_font=&#8221;||||||||&#8221; header_font=&#8221;||||||||&#8221; header_font_size=&#8221;18px&#8221; background_layout=&#8221;dark&#8221; animation_style=&#8221;slide&#8221; animation_direction=&#8221;bottom&#8221; animation_duration=&#8221;500ms&#8221; animation_intensity_slide=&#8221;15%&#8221; global_colors_info=&#8221;{}&#8221;]<\/p>\n<p><img loading=\"lazy\" decoding=\"async\" class=\"wp-image-866 alignnone size-full\" style=\"display: block; margin-left: auto; margin-right: auto;\" src=\"http:\/\/www.laroutedusel.com\/wp-content\/uploads\/2017\/11\/Yacht-96.png\" alt=\"\" width=\"60\" height=\"60\"><\/p>\n<h1 style=\"text-align: center;\">Navigation<\/h1>\n<p style=\"text-align: center;\">Please contact us so that we can assess our capacity to welcome you in the best possible conditions.<\/p>\n<p>[\/et_pb_text][\/et_pb_column][et_pb_column type=&#8221;1_3&#8243; _builder_version=&#8221;4.16&#8243; custom_padding=&#8221;|||&#8221; global_colors_info=&#8221;{}&#8221; custom_padding__hover=&#8221;|||&#8221;][et_pb_text _builder_version=&#8221;4.16&#8243; text_font=&#8221;||||||||&#8221; header_font=&#8221;||||||||&#8221; header_font_size=&#8221;18px&#8221; background_layout=&#8221;dark&#8221; animation_style=&#8221;slide&#8221; animation_direction=&#8221;bottom&#8221; animation_duration=&#8221;500ms&#8221; animation_delay=&#8221;100ms&#8221; animation_intensity_slide=&#8221;15%&#8221; global_colors_info=&#8221;{}&#8221;]<img loading=\"lazy\" decoding=\"async\" class=\"wp-image-868 alignnone size-full\" style=\"display: block; margin-left: auto; margin-right: auto;\" src=\"http:\/\/www.laroutedusel.com\/wp-content\/uploads\/2017\/11\/Chapel-96.png\" alt=\"\" width=\"60\" height=\"60\"><\/p>\n<h1 style=\"text-align: center;\">Village<\/h1>\n<p style=\"text-align: center;\">Sallertaine is an accessible village with facilities for the disabled, including wide pavements, ramps, slopes of no more than 3% and warning strips. Most of the sites are accessible, including the Vaulieu garden, the Romanesque church and a number of arts and crafts outlets. <\/p>\n<p>[\/et_pb_text][\/et_pb_column][et_pb_column type=&#8221;1_3&#8243; _builder_version=&#8221;4.16&#8243; custom_padding=&#8221;|||&#8221; global_colors_info=&#8221;{}&#8221; custom_padding__hover=&#8221;|||&#8221;][et_pb_text _builder_version=&#8221;4.16&#8243; header_font_size=&#8221;18px&#8221; background_layout=&#8221;dark&#8221; animation_style=&#8221;slide&#8221; animation_direction=&#8221;bottom&#8221; animation_duration=&#8221;500ms&#8221; animation_delay=&#8221;200ms&#8221; animation_intensity_slide=&#8221;15%&#8221; global_colors_info=&#8221;{}&#8221;]<img loading=\"lazy\" decoding=\"async\" class=\"wp-image-870 aligncenter\" src=\"http:\/\/www.laroutedusel.com\/wp-content\/uploads\/2017\/11\/Search-96.png\" alt=\"\" width=\"60\" height=\"60\"><\/p>\n<h1 style=\"text-align: center;\">Easy tour<\/h1>\n<p style=\"text-align: center;\">An easy-to-use guide is available from reception. Don&#8217;t hesitate to ask for it. <\/p>\n<p>[\/et_pb_text][\/et_pb_column][\/et_pb_row][\/et_pb_section]<\/p>\n","protected":false},"excerpt":{"rendered":"<p>To join us<span><span><a href=\"https:\/\/www.laroutedusel.com\/en\/home\/\">La Route du Sel<\/a><\/span><\/span> By road Via the D948 Sallertaine exit. 5 minutes from Challans, 15 minutes from St Jean de Monts, 25 minutes from St Gilles Croix de Vie, 40 minutes from Noirmoutier en l&#8217;\u00eele, 40 minutes from La Roche\/ Yon and 50 minutes from Nantes. En bus En bus, via ligne 171 Sovetours (La [&hellip;]<\/p>\n","protected":false},"author":2,"featured_media":0,"parent":0,"menu_order":44,"comment_status":"closed","ping_status":"closed","template":"","meta":{"_acf_changed":false,"_et_pb_use_builder":"on","_et_pb_old_content":"","_et_gb_content_width":"","inline_featured_image":false,"footnotes":""},"class_list":["post-7083","page","type-page","status-publish","hentry"],"acf":[],"_links":{"self":[{"href":"https:\/\/www.laroutedusel.com\/en\/wp-json\/wp\/v2\/pages\/7083","targetHints":{"allow":["GET"]}}],"collection":[{"href":"https:\/\/www.laroutedusel.com\/en\/wp-json\/wp\/v2\/pages"}],"about":[{"href":"https:\/\/www.laroutedusel.com\/en\/wp-json\/wp\/v2\/types\/page"}],"author":[{"embeddable":true,"href":"https:\/\/www.laroutedusel.com\/en\/wp-json\/wp\/v2\/users\/2"}],"replies":[{"embeddable":true,"href":"https:\/\/www.laroutedusel.com\/en\/wp-json\/wp\/v2\/comments?post=7083"}],"version-history":[{"count":0,"href":"https:\/\/www.laroutedusel.com\/en\/wp-json\/wp\/v2\/pages\/7083\/revisions"}],"wp:attachment":[{"href":"https:\/\/www.laroutedusel.com\/en\/wp-json\/wp\/v2\/media?parent=7083"}],"curies":[{"name":"wp","href":"https:\/\/api.w.org\/{rel}","templated":true}]}}