{"id":7061,"date":"2025-04-07T23:17:00","date_gmt":"2025-04-07T22:17:00","guid":{"rendered":"https:\/\/www.laroutedusel.com\/contact-reservation\/"},"modified":"2025-11-03T11:47:53","modified_gmt":"2025-11-03T10:47:53","slug":"contact-reservation","status":"publish","type":"page","link":"https:\/\/www.laroutedusel.com\/en\/contact-reservation\/","title":{"rendered":"Booking"},"content":{"rendered":"<p>[et_pb_section fb_built=&#8221;1&#8243; admin_label=&#8221;Blanc&#8221; _builder_version=&#8221;4.16&#8243; use_background_color_gradient=&#8221;on&#8221; background_color_gradient_direction=&#8221;191deg&#8221; background_color_gradient_stops=&#8221;#ffffff 0%|#ffffff 100%&#8221; background_color_gradient_start=&#8221;#ffffff&#8221; background_color_gradient_end=&#8221;#ffffff&#8221; custom_margin=&#8221;|||&#8221; custom_padding=&#8221;26px||16px||false|false&#8221; top_divider_style=&#8221;arrow&#8221; top_divider_color=&#8221;#ffffff&#8221; bottom_divider_style=&#8221;arrow&#8221; bottom_divider_color=&#8221;#ffffff&#8221; bottom_divider_flip=&#8221;vertical&#8221; bottom_divider_arrangement=&#8221;above_content&#8221; global_colors_info=&#8221;{}&#8221;][et_pb_row _builder_version=&#8221;4.27.4&#8243; background_size=&#8221;initial&#8221; background_position=&#8221;top_left&#8221; background_repeat=&#8221;repeat&#8221; custom_padding=&#8221;25.25px|0px|0|0px|false|false&#8221; use_custom_width=&#8221;on&#8221; custom_width_px=&#8221;760px&#8221; global_colors_info=&#8221;{}&#8221;][et_pb_column type=&#8221;4_4&#8243; _builder_version=&#8221;4.16&#8243; custom_padding=&#8221;|||&#8221; global_colors_info=&#8221;{}&#8221; custom_padding__hover=&#8221;|||&#8221;][et_pb_text content_tablet=&#8221;&#8221; content_phone=&#8221;&#8221; content_last_edited=&#8221;on|phone&#8221; admin_label=&#8221;Texte&#8221; _builder_version=&#8221;4.27.4&#8243; header_text_align=&#8221;center&#8221; header_line_height=&#8221;1.2em&#8221; header_2_text_align=&#8221;center&#8221; custom_padding=&#8221;26px|26px|8px|26px||&#8221; animation_direction=&#8221;bottom&#8221; global_colors_info=&#8221;{}&#8221;]<\/p>\n<h1 style=\"text-align: left;\"><span style=\"color: #000000;\">Book your tour online or give a gift voucher<\/span><\/h1>\n<div id=\"jsc_c_1i\" class=\"ecm0bbzt hv4rvrfc ihqw7lf3 dati1w0a\" data-ad-comet-preview=\"message\" data-ad-preview=\"message\">\n<div class=\"j83agx80 cbu4d94t ew0dbk1b irj2b8pg\"><\/div>\n<\/div>\n<div class=\"o9v6fnle cxmmr5t8 oygrvhab hcukyx3x c1et5uql ii04i59q\">\n<div dir=\"auto\">\n<div id=\"jsc_c_1i\" class=\"ecm0bbzt hv4rvrfc ihqw7lf3 dati1w0a\" data-ad-comet-preview=\"message\" data-ad-preview=\"message\">\n<div class=\"j83agx80 cbu4d94t ew0dbk1b irj2b8pg\">\n<div class=\"qzhwtbm6 knvmm38d\">\n<div class=\"o9v6fnle cxmmr5t8 oygrvhab hcukyx3x c1et5uql ii04i59q\">\n<p class=\"\" data-start=\"141\" data-end=\"215\">La Route du Sel is open all year round, by reservation only.<\/p>\n<p class=\"\" data-start=\"217\" data-end=\"401\">Closed-toe shoes must be worn by all participants for canoeing and cycling.<br \/>Please arrive 10 to 15 minutes before the scheduled start time.<\/p>\n<p class=\"\" data-start=\"403\" data-end=\"559\">If none of the online slots match your availability, contact us and we&#8217;ll look at the possibilities together.<\/p>\n<\/div>\n<\/div>\n<\/div>\n<\/div>\n<\/div>\n<\/div>\n<p>[\/et_pb_text][\/et_pb_column][\/et_pb_row][et_pb_row disabled_on=&#8221;off|off|off&#8221; module_class=&#8221;module_resa&#8221; _builder_version=&#8221;4.16&#8243; _module_preset=&#8221;default&#8221; min_height=&#8221;102px&#8221; locked=&#8221;off&#8221; global_colors_info=&#8221;{}&#8221;][et_pb_column type=&#8221;4_4&#8243; _builder_version=&#8221;4.16&#8243; _module_preset=&#8221;default&#8221; global_colors_info=&#8221;{}&#8221;][et_pb_code raw_content_tablet=&#8221;<\/p>\n<p><product-catalog-widget widget-id=%2224ee627a-7ed6-4ba0-ac62-da74180bfdb6%22><\/product-catalog-widget><script type=%22text\/javascript%22 src=%22https:\/\/widgets.regiondo.net\/catalog\/v1\/catalog-widget.min.js%22><\/script><\/p>\n<p>&#8221; raw_content_phone=&#8221;<\/p>\n<p><product-catalog-widget widget-id=%2224ee627a-7ed6-4ba0-ac62-da74180bfdb6%22><\/product-catalog-widget><script type=%22text\/javascript%22 src=%22https:\/\/widgets.regiondo.net\/catalog\/v1\/catalog-widget.min.js%22><\/script><\/p>\n<p>&#8221; raw_content_last_edited=&#8221;on|desktop&#8221; disabled_on=&#8221;off|off|off&#8221; admin_label=&#8221;Code r\u00e9servation&#8221; _builder_version=&#8221;4.27.4&#8243; _module_preset=&#8221;default&#8221; custom_margin=&#8221;4px||6px||false|false&#8221; global_colors_info=&#8221;{}&#8221;]<pee><product-catalog-widget widget-id=\"24ee627a-7ed6-4ba0-ac62-da74180bfdb6\"><\/product-catalog-widget><script type=\"text\/javascript\" src=\"https:\/\/widgets.regiondo.net\/catalog\/v1\/catalog-widget.min.js\"><\/script><\/pee><!-- [et_pb_line_break_holder] --><pee><!-- [et_pb_line_break_holder] -->   <!-- [et_pb_line_break_holder] --><\/pee>[\/et_pb_code][\/et_pb_column][\/et_pb_row][\/et_pb_section][et_pb_section fb_built=&#8221;1&#8243; admin_label=&#8221;Blanc&#8221; _builder_version=&#8221;4.16&#8243; use_background_color_gradient=&#8221;on&#8221; background_color_gradient_direction=&#8221;191deg&#8221; background_color_gradient_stops=&#8221;#ffffff 0%|#ffffff 100%&#8221; background_color_gradient_start=&#8221;#ffffff&#8221; background_color_gradient_end=&#8221;#ffffff&#8221; custom_margin=&#8221;|||&#8221; custom_padding=&#8221;0px||42px||false|false&#8221; top_divider_style=&#8221;arrow&#8221; top_divider_color=&#8221;#ffffff&#8221; bottom_divider_style=&#8221;arrow&#8221; bottom_divider_color=&#8221;#ffffff&#8221; bottom_divider_flip=&#8221;vertical&#8221; bottom_divider_arrangement=&#8221;above_content&#8221; collapsed=&#8221;off&#8221; global_colors_info=&#8221;{}&#8221;][et_pb_row _builder_version=&#8221;4.27.4&#8243; background_size=&#8221;initial&#8221; background_position=&#8221;top_left&#8221; background_repeat=&#8221;repeat&#8221; custom_padding=&#8221;0px|||||&#8221; use_custom_width=&#8221;on&#8221; custom_width_px=&#8221;760px&#8221; global_colors_info=&#8221;{}&#8221;][et_pb_column type=&#8221;4_4&#8243; _builder_version=&#8221;4.16&#8243; custom_padding=&#8221;|||&#8221; global_colors_info=&#8221;{}&#8221; custom_padding__hover=&#8221;|||&#8221;][et_pb_text _builder_version=&#8221;4.16&#8243; header_text_align=&#8221;center&#8221; header_line_height=&#8221;1.2em&#8221; header_2_text_align=&#8221;center&#8221; background_layout=&#8221;dark&#8221; custom_padding=&#8221;25px|25px|25px|25px&#8221; animation_direction=&#8221;bottom&#8221; global_colors_info=&#8221;{}&#8221;]<\/p>\n<h3><span style=\"color: #000000;\">Conditions of participation :<\/span><\/h3>\n<ul>\n<li><span style=\"color: #000000; font-size: 10pt;\">Please arrive 15 minutes before departure at 49 rue de Verdun, 85300 Sallertaine (next to the tourist office). <\/span><\/li>\n<li><span style=\"color: #000000; font-size: 10pt;\">Closed-toe shoes are compulsory. No flip-flops or open shoes.  <\/span><\/li>\n<li><span style=\"color: #000000; font-size: 10pt;\">Bring a pen to sign the attendance sheet when you arrive. <\/span><\/li>\n<\/ul>\n<h3><span style=\"color: #000000;\">Cancellation policy :<\/span><\/h3>\n<ul>\n<li style=\"text-align: left;\"><span style=\"color: #000000; font-size: 10pt;\"><strong>Cancellation by the customer:<\/strong><\/span><br \/>\n<span style=\"color: #000000; font-size: 10pt;\">If the booked tour is canceled by the participant, the amount of the service will be charged, unless a new date is agreed upon as a replacement, or unless other participants replace them on the same schedule.<\/span><\/li>\n<li style=\"text-align: left;\"><span style=\"color: #000000; font-size: 10pt;\"><strong>Annulation par La Route du Sel :<br \/>\n<\/strong>Hors al\u00e9as climatiques ou li\u00e9 \u00e0 des \u00e9v\u00e9nements ext\u00e9rieurs de force majeure, l&#8217;annulation d&#8217;une balade par La Route du Sel donne lieu au remboursement int\u00e9gral de tout versement op\u00e9r\u00e9 par le client, sans donner droit \u00e0 une quelconque indemnisation suppl\u00e9mentaire. Dans ce cas et en fonction de ses possibilit\u00e9s, La Route du Sel facilite et conseille l&#8217;organisation d&#8217;activit\u00e9s de substitution. <\/span><\/li>\n<li style=\"text-align: left;\"><span style=\"color: #000000; font-size: 10pt;\"><strong>Conditions climatiques<\/strong> <strong>:<br \/>\n<\/strong>En cas de conditions naturelles particuli\u00e8res (pluie, fort vent, temp\u00e9ratures extr\u00eames), selon l\u2019appr\u00e9ciation de La Route du Sel, la satisfaction des participants est toujours recherch\u00e9e. Dans un tel cas, l\u2019activit\u00e9 pr\u00e9vue est prioritairement am\u00e9nag\u00e9e par la Route du Sel. Lorsque l\u2019am\u00e9nagement de l\u2019activit\u00e9 est d\u2019un co\u00fbt inf\u00e9rieur \u00e0 celle initialement programm\u00e9e, la facturation est faite au co\u00fbt r\u00e9el. En cas de refus par le client des am\u00e9nagements propos\u00e9s, La Route du Sel peut conserver une partie ou la totalit\u00e9 des arrhes au titre des frais engag\u00e9s.   <\/span><\/li>\n<\/ul>\n<p>[\/et_pb_text][\/et_pb_column][\/et_pb_row][\/et_pb_section]<\/p>\n","protected":false},"excerpt":{"rendered":"<p>Book your tour online or give a gift voucher La Route du Sel is open all year round, by reservation only. Closed-toe shoes must be worn by all participants for canoeing and cycling.Please arrive 10 to 15 minutes before the scheduled start time. If none of the online slots match your availability, contact us and [&hellip;]<\/p>\n","protected":false},"author":1,"featured_media":0,"parent":0,"menu_order":37,"comment_status":"closed","ping_status":"closed","template":"","meta":{"_acf_changed":false,"_et_pb_use_builder":"on","_et_pb_old_content":"","_et_gb_content_width":"","inline_featured_image":false,"footnotes":""},"class_list":["post-7061","page","type-page","status-publish","hentry"],"acf":[],"_links":{"self":[{"href":"https:\/\/www.laroutedusel.com\/en\/wp-json\/wp\/v2\/pages\/7061","targetHints":{"allow":["GET"]}}],"collection":[{"href":"https:\/\/www.laroutedusel.com\/en\/wp-json\/wp\/v2\/pages"}],"about":[{"href":"https:\/\/www.laroutedusel.com\/en\/wp-json\/wp\/v2\/types\/page"}],"author":[{"embeddable":true,"href":"https:\/\/www.laroutedusel.com\/en\/wp-json\/wp\/v2\/users\/1"}],"replies":[{"embeddable":true,"href":"https:\/\/www.laroutedusel.com\/en\/wp-json\/wp\/v2\/comments?post=7061"}],"version-history":[{"count":0,"href":"https:\/\/www.laroutedusel.com\/en\/wp-json\/wp\/v2\/pages\/7061\/revisions"}],"wp:attachment":[{"href":"https:\/\/www.laroutedusel.com\/en\/wp-json\/wp\/v2\/media?parent=7061"}],"curies":[{"name":"wp","href":"https:\/\/api.w.org\/{rel}","templated":true}]}}